{"id":1192,"date":"2015-10-01T20:38:33","date_gmt":"2015-10-01T17:38:33","guid":{"rendered":"http:\/\/orkestris.riga.lv\/?page_id=1192&#038;lang=en"},"modified":"2015-10-01T20:39:37","modified_gmt":"2015-10-01T17:39:37","slug":"cd","status":"publish","type":"page","link":"https:\/\/orkestris.riga.lv\/en\/skaties-un-klausies\/cd\/","title":{"rendered":"Recordings"},"content":{"rendered":"\n<style type=\"text\/css\" data-created_by=\"avia_inline_auto\" id=\"style-css-av-av_heading-488103c66eb557fc7c15f391424f8d7c\">\n#top .av-special-heading.av-av_heading-488103c66eb557fc7c15f391424f8d7c{\npadding-bottom:10px;\n}\nbody .av-special-heading.av-av_heading-488103c66eb557fc7c15f391424f8d7c .av-special-heading-tag .heading-char{\nfont-size:25px;\n}\n.av-special-heading.av-av_heading-488103c66eb557fc7c15f391424f8d7c .av-subheading{\nfont-size:15px;\n}\n<\/style>\n<div  class='av-special-heading av-av_heading-488103c66eb557fc7c15f391424f8d7c av-special-heading-h1 blockquote modern-quote  avia-builder-el-0  el_before_av_one_full  avia-builder-el-first '><h1 class='av-special-heading-tag '  itemprop=\"headline\"  >Recordings<\/h1><div class=\"special-heading-border\"><div class=\"special-heading-inner-border\"><\/div><\/div><\/div>\n\n<style type=\"text\/css\" data-created_by=\"avia_inline_auto\" id=\"style-css-av-av_one_full-352b07ef7d3bc99b2e9f92e7a9e06bdb\">\n.flex_column.av-av_one_full-352b07ef7d3bc99b2e9f92e7a9e06bdb{\nborder-radius:0px 0px 0px 0px;\npadding:0px 0px 0px 0px;\n}\n<\/style>\n<div  class='flex_column av-av_one_full-352b07ef7d3bc99b2e9f92e7a9e06bdb av_one_full  avia-builder-el-1  el_after_av_heading  el_before_av_hr  first flex_column_div av-zero-column-padding  '     ><div  data-slideshow-options=\"{&quot;animation&quot;:&quot;fade&quot;,&quot;autoplay&quot;:false,&quot;loop_autoplay&quot;:&quot;once&quot;,&quot;interval&quot;:5,&quot;loop_manual&quot;:&quot;manual-endless&quot;,&quot;autoplay_stopper&quot;:false,&quot;noNavigation&quot;:false,&quot;show_slide_delay&quot;:90}\" class='avia-content-slider avia-content-grid-active avia-content-slider1 avia-content-slider-even  avia-builder-el-2  avia-builder-el-no-sibling  av-slideshow-ui av-control-default   av-no-slider-navigation av-slideshow-manual av-loop-once av-loop-manual-endless '  itemscope=\"itemscope\" itemtype=\"https:\/\/schema.org\/Blog\" ><div class=\"avia-content-slider-inner\"><div class=\"slide-entry-wrap\"><article class='slide-entry flex_column  post-entry post-entry-7342 slide-entry-overview slide-loop-1 slide-parity-odd  av_one_fourth first real-thumbnail posttype-portfolio post-format-standard'  itemscope=\"itemscope\" itemtype=\"https:\/\/schema.org\/CreativeWork\" ><a href='https:\/\/orkestris.riga.lv\/en\/portfolio-item\/cherished\/' data-rel='slide-1' class='slide-image' title='CHERISHED'><img decoding=\"async\" fetchpriority=\"high\" width=\"260\" height=\"185\" src=\"https:\/\/orkestris.riga.lv\/wp-content\/uploads\/2020\/03\/Pa\u0161u-aukl\u0113tie_diska-v\u0101ci\u0146\u0161-260x185.jpg\" class=\"wp-image-7274 avia-img-lazy-loading-not-7274 attachment-portfolio_small size-portfolio_small wp-post-image\" alt=\"\" \/><\/a><div class=\"slide-content\"><header class=\"entry-content-header\" aria-label=\"Slide: CHERISHED\"><h3 class='slide-entry-title entry-title '  itemprop=\"headline\" ><a href='https:\/\/orkestris.riga.lv\/en\/portfolio-item\/cherished\/' title='CHERISHED'>CHERISHED<\/a><\/h3><span class=\"av-vertical-delimiter\"><\/span><\/header><\/div><footer class=\"entry-footer\"><\/footer><span class='hidden'>\n\t\t\t\t<span class='av-structured-data'  itemprop=\"image\" itemscope=\"itemscope\" itemtype=\"https:\/\/schema.org\/ImageObject\" >\n\t\t\t\t\t\t<span itemprop='url'>https:\/\/orkestris.riga.lv\/wp-content\/uploads\/2020\/03\/Pa\u0161u-aukl\u0113tie_diska-v\u0101ci\u0146\u0161.jpg<\/span>\n\t\t\t\t\t\t<span itemprop='height'>702<\/span>\n\t\t\t\t\t\t<span itemprop='width'>781<\/span>\n\t\t\t\t<\/span>\n\t\t\t\t<span class='av-structured-data'  itemprop=\"publisher\" itemtype=\"https:\/\/schema.org\/Organization\" itemscope=\"itemscope\" >\n\t\t\t\t\t\t<span itemprop='name'>Baiba Tilhena<\/span>\n\t\t\t\t\t\t<span itemprop='logo' itemscope itemtype='https:\/\/schema.org\/ImageObject'>\n\t\t\t\t\t\t\t<span itemprop='url'>https:\/\/orkestris.riga.lv\/wp-content\/uploads\/2024\/09\/orkestris-riga_logo.svg<\/span>\n\t\t\t\t\t\t<\/span>\n\t\t\t\t<\/span><span class='av-structured-data'  itemprop=\"author\" itemscope=\"itemscope\" itemtype=\"https:\/\/schema.org\/Person\" ><span itemprop='name'>Baiba Tilhena<\/span><\/span><span class='av-structured-data'  itemprop=\"datePublished\" datetime=\"2015-10-01T20:38:33+03:00\" >2020-03-30 14:16:22<\/span><span class='av-structured-data'  itemprop=\"dateModified\" itemtype=\"https:\/\/schema.org\/dateModified\" >2020-03-30 14:16:22<\/span><span class='av-structured-data'  itemprop=\"mainEntityOfPage\" itemtype=\"https:\/\/schema.org\/mainEntityOfPage\" ><span itemprop='name'>CHERISHED<\/span><\/span><\/span><\/article><article class='slide-entry flex_column  post-entry post-entry-1162 slide-entry-overview slide-loop-2 slide-parity-even  av_one_fourth  real-thumbnail posttype-portfolio post-format-standard'  itemscope=\"itemscope\" itemtype=\"https:\/\/schema.org\/CreativeWork\" ><a href='https:\/\/orkestris.riga.lv\/en\/portfolio-item\/riga-jazz\/' data-rel='slide-1' class='slide-image' title='RIGA JAZZ'><img decoding=\"async\" fetchpriority=\"high\" width=\"260\" height=\"185\" src=\"https:\/\/orkestris.riga.lv\/wp-content\/uploads\/2015\/09\/Riga-Jazz-20141-260x185.jpg\" class=\"wp-image-678 avia-img-lazy-loading-not-678 attachment-portfolio_small size-portfolio_small wp-post-image\" alt=\"\" \/><\/a><div class=\"slide-content\"><header class=\"entry-content-header\" aria-label=\"Slide: RIGA JAZZ\"><h3 class='slide-entry-title entry-title '  itemprop=\"headline\" ><a href='https:\/\/orkestris.riga.lv\/en\/portfolio-item\/riga-jazz\/' title='RIGA JAZZ'>RIGA JAZZ<\/a><\/h3><span class=\"av-vertical-delimiter\"><\/span><\/header><\/div><footer class=\"entry-footer\"><\/footer><span class='hidden'>\n\t\t\t\t<span class='av-structured-data'  itemprop=\"image\" itemscope=\"itemscope\" itemtype=\"https:\/\/schema.org\/ImageObject\" >\n\t\t\t\t\t\t<span itemprop='url'>https:\/\/orkestris.riga.lv\/wp-content\/uploads\/2015\/09\/Riga-Jazz-20141.jpg<\/span>\n\t\t\t\t\t\t<span itemprop='height'>462<\/span>\n\t\t\t\t\t\t<span itemprop='width'>472<\/span>\n\t\t\t\t<\/span>\n\t\t\t\t<span class='av-structured-data'  itemprop=\"publisher\" itemtype=\"https:\/\/schema.org\/Organization\" itemscope=\"itemscope\" >\n\t\t\t\t\t\t<span itemprop='name'>Gatis Poik\u0101ns<\/span>\n\t\t\t\t\t\t<span itemprop='logo' itemscope itemtype='https:\/\/schema.org\/ImageObject'>\n\t\t\t\t\t\t\t<span itemprop='url'>https:\/\/orkestris.riga.lv\/wp-content\/uploads\/2024\/09\/orkestris-riga_logo.svg<\/span>\n\t\t\t\t\t\t<\/span>\n\t\t\t\t<\/span><span class='av-structured-data'  itemprop=\"author\" itemscope=\"itemscope\" itemtype=\"https:\/\/schema.org\/Person\" ><span itemprop='name'>Gatis Poik\u0101ns<\/span><\/span><span class='av-structured-data'  itemprop=\"datePublished\" datetime=\"2015-10-01T20:38:33+03:00\" >2014-10-01 20:05:08<\/span><span class='av-structured-data'  itemprop=\"dateModified\" itemtype=\"https:\/\/schema.org\/dateModified\" >2015-10-01 20:05:36<\/span><span class='av-structured-data'  itemprop=\"mainEntityOfPage\" itemtype=\"https:\/\/schema.org\/mainEntityOfPage\" ><span itemprop='name'>RIGA JAZZ<\/span><\/span><\/span><\/article><article class='slide-entry flex_column  post-entry post-entry-1160 slide-entry-overview slide-loop-3 slide-parity-odd  av_one_fourth  real-thumbnail posttype-portfolio post-format-standard'  itemscope=\"itemscope\" itemtype=\"https:\/\/schema.org\/CreativeWork\" ><a href='https:\/\/orkestris.riga.lv\/en\/portfolio-item\/riga-tannenbaum-christmas-tree\/' data-rel='slide-1' class='slide-image' title='Riga. Tannenbaum. Christmas Tree.'><img decoding=\"async\" fetchpriority=\"high\" width=\"260\" height=\"185\" src=\"https:\/\/orkestris.riga.lv\/wp-content\/uploads\/2015\/09\/Riga.Eglite.Ziemassvetki-20111-260x185.jpg\" class=\"wp-image-679 avia-img-lazy-loading-not-679 attachment-portfolio_small size-portfolio_small wp-post-image\" alt=\"\" \/><\/a><div class=\"slide-content\"><header class=\"entry-content-header\" aria-label=\"Slide: Riga. Tannenbaum. Christmas Tree.\"><h3 class='slide-entry-title entry-title '  itemprop=\"headline\" ><a href='https:\/\/orkestris.riga.lv\/en\/portfolio-item\/riga-tannenbaum-christmas-tree\/' title='Riga. Tannenbaum. Christmas Tree.'>Riga. Tannenbaum. Christmas Tree.<\/a><\/h3><span class=\"av-vertical-delimiter\"><\/span><\/header><\/div><footer class=\"entry-footer\"><\/footer><span class='hidden'>\n\t\t\t\t<span class='av-structured-data'  itemprop=\"image\" itemscope=\"itemscope\" itemtype=\"https:\/\/schema.org\/ImageObject\" >\n\t\t\t\t\t\t<span itemprop='url'>https:\/\/orkestris.riga.lv\/wp-content\/uploads\/2015\/09\/Riga.Eglite.Ziemassvetki-20111.jpg<\/span>\n\t\t\t\t\t\t<span itemprop='height'>664<\/span>\n\t\t\t\t\t\t<span itemprop='width'>754<\/span>\n\t\t\t\t<\/span>\n\t\t\t\t<span class='av-structured-data'  itemprop=\"publisher\" itemtype=\"https:\/\/schema.org\/Organization\" itemscope=\"itemscope\" >\n\t\t\t\t\t\t<span itemprop='name'>Gatis Poik\u0101ns<\/span>\n\t\t\t\t\t\t<span itemprop='logo' itemscope itemtype='https:\/\/schema.org\/ImageObject'>\n\t\t\t\t\t\t\t<span itemprop='url'>https:\/\/orkestris.riga.lv\/wp-content\/uploads\/2024\/09\/orkestris-riga_logo.svg<\/span>\n\t\t\t\t\t\t<\/span>\n\t\t\t\t<\/span><span class='av-structured-data'  itemprop=\"author\" itemscope=\"itemscope\" itemtype=\"https:\/\/schema.org\/Person\" ><span itemprop='name'>Gatis Poik\u0101ns<\/span><\/span><span class='av-structured-data'  itemprop=\"datePublished\" datetime=\"2015-10-01T20:38:33+03:00\" >2011-10-01 20:03:47<\/span><span class='av-structured-data'  itemprop=\"dateModified\" itemtype=\"https:\/\/schema.org\/dateModified\" >2015-10-01 20:04:20<\/span><span class='av-structured-data'  itemprop=\"mainEntityOfPage\" itemtype=\"https:\/\/schema.org\/mainEntityOfPage\" ><span itemprop='name'>Riga. Tannenbaum. Christmas Tree.<\/span><\/span><\/span><\/article><article class='slide-entry flex_column  post-entry post-entry-1159 slide-entry-overview slide-loop-4 slide-parity-even  av_one_fourth  real-thumbnail posttype-portfolio post-format-standard'  itemscope=\"itemscope\" itemtype=\"https:\/\/schema.org\/CreativeWork\" ><a href='https:\/\/orkestris.riga.lv\/en\/portfolio-item\/windstream\/' data-rel='slide-1' class='slide-image' title='WINDSTREAM'><img decoding=\"async\" fetchpriority=\"high\" width=\"260\" height=\"185\" src=\"https:\/\/orkestris.riga.lv\/wp-content\/uploads\/2015\/09\/WINDSTREAM-CD-20081-260x185.jpg\" class=\"wp-image-680 avia-img-lazy-loading-not-680 attachment-portfolio_small size-portfolio_small wp-post-image\" alt=\"\" \/><\/a><div class=\"slide-content\"><header class=\"entry-content-header\" aria-label=\"Slide: WINDSTREAM\"><h3 class='slide-entry-title entry-title '  itemprop=\"headline\" ><a href='https:\/\/orkestris.riga.lv\/en\/portfolio-item\/windstream\/' title='WINDSTREAM'>WINDSTREAM<\/a><\/h3><span class=\"av-vertical-delimiter\"><\/span><\/header><\/div><footer class=\"entry-footer\"><\/footer><span class='hidden'>\n\t\t\t\t<span class='av-structured-data'  itemprop=\"image\" itemscope=\"itemscope\" itemtype=\"https:\/\/schema.org\/ImageObject\" >\n\t\t\t\t\t\t<span itemprop='url'>https:\/\/orkestris.riga.lv\/wp-content\/uploads\/2015\/09\/WINDSTREAM-CD-20081.jpg<\/span>\n\t\t\t\t\t\t<span itemprop='height'>478<\/span>\n\t\t\t\t\t\t<span itemprop='width'>538<\/span>\n\t\t\t\t<\/span>\n\t\t\t\t<span class='av-structured-data'  itemprop=\"publisher\" itemtype=\"https:\/\/schema.org\/Organization\" itemscope=\"itemscope\" >\n\t\t\t\t\t\t<span itemprop='name'>Gatis Poik\u0101ns<\/span>\n\t\t\t\t\t\t<span itemprop='logo' itemscope itemtype='https:\/\/schema.org\/ImageObject'>\n\t\t\t\t\t\t\t<span itemprop='url'>https:\/\/orkestris.riga.lv\/wp-content\/uploads\/2024\/09\/orkestris-riga_logo.svg<\/span>\n\t\t\t\t\t\t<\/span>\n\t\t\t\t<\/span><span class='av-structured-data'  itemprop=\"author\" itemscope=\"itemscope\" itemtype=\"https:\/\/schema.org\/Person\" ><span itemprop='name'>Gatis Poik\u0101ns<\/span><\/span><span class='av-structured-data'  itemprop=\"datePublished\" datetime=\"2015-10-01T20:38:33+03:00\" >2008-10-01 20:02:15<\/span><span class='av-structured-data'  itemprop=\"dateModified\" itemtype=\"https:\/\/schema.org\/dateModified\" >2015-10-01 20:02:48<\/span><span class='av-structured-data'  itemprop=\"mainEntityOfPage\" itemtype=\"https:\/\/schema.org\/mainEntityOfPage\" ><span itemprop='name'>WINDSTREAM<\/span><\/span><\/span><\/article><\/div><div class=\"slide-entry-wrap\"><article class='slide-entry flex_column  post-entry post-entry-1157 slide-entry-overview slide-loop-5 slide-parity-odd  post-entry-last  av_one_fourth first real-thumbnail posttype-portfolio post-format-standard'  itemscope=\"itemscope\" itemtype=\"https:\/\/schema.org\/CreativeWork\" ><a href='https:\/\/orkestris.riga.lv\/en\/portfolio-item\/priecigus-ziemassvetkus-merry-christmas\/' data-rel='slide-1' class='slide-image' title='PRIEC\u012aGUS ZIEMASSV\u0112TKUS! \/ MERRY CHRISTMAS!'><img decoding=\"async\" fetchpriority=\"high\" width=\"260\" height=\"185\" src=\"https:\/\/orkestris.riga.lv\/wp-content\/uploads\/2015\/09\/cd-Merry-Christmas-20071-260x185.jpg\" class=\"wp-image-681 avia-img-lazy-loading-not-681 attachment-portfolio_small size-portfolio_small wp-post-image\" alt=\"\" \/><\/a><div class=\"slide-content\"><header class=\"entry-content-header\" aria-label=\"Slide: PRIEC\u012aGUS ZIEMASSV\u0112TKUS! \/ MERRY CHRISTMAS!\"><h3 class='slide-entry-title entry-title '  itemprop=\"headline\" ><a href='https:\/\/orkestris.riga.lv\/en\/portfolio-item\/priecigus-ziemassvetkus-merry-christmas\/' title='PRIEC\u012aGUS ZIEMASSV\u0112TKUS! \/ MERRY CHRISTMAS!'>PRIEC\u012aGUS ZIEMASSV\u0112TKUS! \/ MERRY CHRISTMAS!<\/a><\/h3><span class=\"av-vertical-delimiter\"><\/span><\/header><\/div><footer class=\"entry-footer\"><\/footer><span class='hidden'>\n\t\t\t\t<span class='av-structured-data'  itemprop=\"image\" itemscope=\"itemscope\" itemtype=\"https:\/\/schema.org\/ImageObject\" >\n\t\t\t\t\t\t<span itemprop='url'>https:\/\/orkestris.riga.lv\/wp-content\/uploads\/2015\/09\/cd-Merry-Christmas-20071.jpg<\/span>\n\t\t\t\t\t\t<span itemprop='height'>739<\/span>\n\t\t\t\t\t\t<span itemprop='width'>852<\/span>\n\t\t\t\t<\/span>\n\t\t\t\t<span class='av-structured-data'  itemprop=\"publisher\" itemtype=\"https:\/\/schema.org\/Organization\" itemscope=\"itemscope\" >\n\t\t\t\t\t\t<span itemprop='name'>Gatis Poik\u0101ns<\/span>\n\t\t\t\t\t\t<span itemprop='logo' itemscope itemtype='https:\/\/schema.org\/ImageObject'>\n\t\t\t\t\t\t\t<span itemprop='url'>https:\/\/orkestris.riga.lv\/wp-content\/uploads\/2024\/09\/orkestris-riga_logo.svg<\/span>\n\t\t\t\t\t\t<\/span>\n\t\t\t\t<\/span><span class='av-structured-data'  itemprop=\"author\" itemscope=\"itemscope\" itemtype=\"https:\/\/schema.org\/Person\" ><span itemprop='name'>Gatis Poik\u0101ns<\/span><\/span><span class='av-structured-data'  itemprop=\"datePublished\" datetime=\"2015-10-01T20:38:33+03:00\" >2007-10-01 20:00:26<\/span><span class='av-structured-data'  itemprop=\"dateModified\" itemtype=\"https:\/\/schema.org\/dateModified\" >2015-10-01 20:01:10<\/span><span class='av-structured-data'  itemprop=\"mainEntityOfPage\" itemtype=\"https:\/\/schema.org\/mainEntityOfPage\" ><span itemprop='name'>PRIEC\u012aGUS ZIEMASSV\u0112TKUS! \/ MERRY CHRISTMAS!<\/span><\/span><\/span><\/article><\/div><\/div><\/div><\/div>\n<style type=\"text\/css\" data-created_by=\"avia_inline_auto\" id=\"style-css-av-av_hr-6a6947efa425d9e688e16ab8bd5f077f\">\n#top .hr.hr-invisible.av-av_hr-6a6947efa425d9e688e16ab8bd5f077f{\nheight:300px;\n}\n<\/style>\n<div  class='hr av-av_hr-6a6947efa425d9e688e16ab8bd5f077f hr-invisible  avia-builder-el-3  el_after_av_one_full  avia-builder-el-last '><span class='hr-inner '><span class=\"hr-inner-style\"><\/span><\/span><\/div><\/p>\n","protected":false},"excerpt":{"rendered":"","protected":false},"author":1,"featured_media":0,"parent":791,"menu_order":0,"comment_status":"closed","ping_status":"closed","template":"","meta":{"footnotes":""},"class_list":["post-1192","page","type-page","status-publish","hentry"],"yoast_head":"<!-- This site is optimized with the Yoast SEO plugin v27.3 - https:\/\/yoast.com\/product\/yoast-seo-wordpress\/ -->\n<title>Recordings - Or\u0137estris R\u012aGA<\/title>\n<meta name=\"robots\" content=\"index, follow, max-snippet:-1, max-image-preview:large, max-video-preview:-1\" \/>\n<link rel=\"canonical\" href=\"https:\/\/orkestris.riga.lv\/en\/skaties-un-klausies\/cd\/\" \/>\n<meta property=\"og:locale\" content=\"en_US\" \/>\n<meta property=\"og:type\" content=\"article\" \/>\n<meta property=\"og:title\" content=\"Recordings - Or\u0137estris R\u012aGA\" \/>\n<meta property=\"og:url\" content=\"https:\/\/orkestris.riga.lv\/en\/skaties-un-klausies\/cd\/\" \/>\n<meta property=\"og:site_name\" content=\"Or\u0137estris R\u012aGA\" \/>\n<meta property=\"article:publisher\" content=\"https:\/\/www.facebook.com\/rigaorchestra\" \/>\n<meta property=\"article:modified_time\" content=\"2015-10-01T17:39:37+00:00\" \/>\n<meta name=\"twitter:card\" content=\"summary_large_image\" \/>\n<meta name=\"twitter:label1\" content=\"Est. reading time\" \/>\n\t<meta name=\"twitter:data1\" content=\"1 minute\" \/>\n<script type=\"application\/ld+json\" class=\"yoast-schema-graph\">{\"@context\":\"https:\\\/\\\/schema.org\",\"@graph\":[{\"@type\":\"WebPage\",\"@id\":\"https:\\\/\\\/orkestris.riga.lv\\\/en\\\/skaties-un-klausies\\\/cd\\\/\",\"url\":\"https:\\\/\\\/orkestris.riga.lv\\\/en\\\/skaties-un-klausies\\\/cd\\\/\",\"name\":\"Recordings - Or\u0137estris R\u012aGA\",\"isPartOf\":{\"@id\":\"https:\\\/\\\/orkestris.riga.lv\\\/en\\\/#website\"},\"datePublished\":\"2015-10-01T17:38:33+00:00\",\"dateModified\":\"2015-10-01T17:39:37+00:00\",\"breadcrumb\":{\"@id\":\"https:\\\/\\\/orkestris.riga.lv\\\/en\\\/skaties-un-klausies\\\/cd\\\/#breadcrumb\"},\"inLanguage\":\"en-US\",\"potentialAction\":[{\"@type\":\"ReadAction\",\"target\":[\"https:\\\/\\\/orkestris.riga.lv\\\/en\\\/skaties-un-klausies\\\/cd\\\/\"]}]},{\"@type\":\"BreadcrumbList\",\"@id\":\"https:\\\/\\\/orkestris.riga.lv\\\/en\\\/skaties-un-klausies\\\/cd\\\/#breadcrumb\",\"itemListElement\":[{\"@type\":\"ListItem\",\"position\":1,\"name\":\"Home\",\"item\":\"https:\\\/\\\/orkestris.riga.lv\\\/en\\\/\"},{\"@type\":\"ListItem\",\"position\":2,\"name\":\"Listen &#038; Watch\",\"item\":\"https:\\\/\\\/orkestris.riga.lv\\\/en\\\/skaties-un-klausies\\\/\"},{\"@type\":\"ListItem\",\"position\":3,\"name\":\"Recordings\"}]},{\"@type\":\"WebSite\",\"@id\":\"https:\\\/\\\/orkestris.riga.lv\\\/en\\\/#website\",\"url\":\"https:\\\/\\\/orkestris.riga.lv\\\/en\\\/\",\"name\":\"Or\u0137estris R\u012aGA\",\"description\":\"Orchestra RIGA\",\"publisher\":{\"@id\":\"https:\\\/\\\/orkestris.riga.lv\\\/en\\\/#organization\"},\"potentialAction\":[{\"@type\":\"SearchAction\",\"target\":{\"@type\":\"EntryPoint\",\"urlTemplate\":\"https:\\\/\\\/orkestris.riga.lv\\\/en\\\/?s={search_term_string}\"},\"query-input\":{\"@type\":\"PropertyValueSpecification\",\"valueRequired\":true,\"valueName\":\"search_term_string\"}}],\"inLanguage\":\"en-US\"},{\"@type\":\"Organization\",\"@id\":\"https:\\\/\\\/orkestris.riga.lv\\\/en\\\/#organization\",\"name\":\"Or\u0137estris R\u012aGA\",\"url\":\"https:\\\/\\\/orkestris.riga.lv\\\/en\\\/\",\"logo\":{\"@type\":\"ImageObject\",\"inLanguage\":\"en-US\",\"@id\":\"https:\\\/\\\/orkestris.riga.lv\\\/en\\\/#\\\/schema\\\/logo\\\/image\\\/\",\"url\":\"https:\\\/\\\/orkestris.riga.lv\\\/wp-content\\\/uploads\\\/2025\\\/01\\\/orkestris_riga_logo.png\",\"contentUrl\":\"https:\\\/\\\/orkestris.riga.lv\\\/wp-content\\\/uploads\\\/2025\\\/01\\\/orkestris_riga_logo.png\",\"width\":1200,\"height\":505,\"caption\":\"Or\u0137estris R\u012aGA\"},\"image\":{\"@id\":\"https:\\\/\\\/orkestris.riga.lv\\\/en\\\/#\\\/schema\\\/logo\\\/image\\\/\"},\"sameAs\":[\"https:\\\/\\\/www.facebook.com\\\/rigaorchestra\",\"https:\\\/\\\/www.youtube.com\\\/rigaorchestra\",\"https:\\\/\\\/www.instagram.com\\\/rigaorchestra\"]}]}<\/script>\n<!-- \/ Yoast SEO plugin. -->","yoast_head_json":{"title":"Recordings - Or\u0137estris R\u012aGA","robots":{"index":"index","follow":"follow","max-snippet":"max-snippet:-1","max-image-preview":"max-image-preview:large","max-video-preview":"max-video-preview:-1"},"canonical":"https:\/\/orkestris.riga.lv\/en\/skaties-un-klausies\/cd\/","og_locale":"en_US","og_type":"article","og_title":"Recordings - Or\u0137estris R\u012aGA","og_url":"https:\/\/orkestris.riga.lv\/en\/skaties-un-klausies\/cd\/","og_site_name":"Or\u0137estris R\u012aGA","article_publisher":"https:\/\/www.facebook.com\/rigaorchestra","article_modified_time":"2015-10-01T17:39:37+00:00","twitter_card":"summary_large_image","twitter_misc":{"Est. reading time":"1 minute"},"schema":{"@context":"https:\/\/schema.org","@graph":[{"@type":"WebPage","@id":"https:\/\/orkestris.riga.lv\/en\/skaties-un-klausies\/cd\/","url":"https:\/\/orkestris.riga.lv\/en\/skaties-un-klausies\/cd\/","name":"Recordings - Or\u0137estris R\u012aGA","isPartOf":{"@id":"https:\/\/orkestris.riga.lv\/en\/#website"},"datePublished":"2015-10-01T17:38:33+00:00","dateModified":"2015-10-01T17:39:37+00:00","breadcrumb":{"@id":"https:\/\/orkestris.riga.lv\/en\/skaties-un-klausies\/cd\/#breadcrumb"},"inLanguage":"en-US","potentialAction":[{"@type":"ReadAction","target":["https:\/\/orkestris.riga.lv\/en\/skaties-un-klausies\/cd\/"]}]},{"@type":"BreadcrumbList","@id":"https:\/\/orkestris.riga.lv\/en\/skaties-un-klausies\/cd\/#breadcrumb","itemListElement":[{"@type":"ListItem","position":1,"name":"Home","item":"https:\/\/orkestris.riga.lv\/en\/"},{"@type":"ListItem","position":2,"name":"Listen &#038; Watch","item":"https:\/\/orkestris.riga.lv\/en\/skaties-un-klausies\/"},{"@type":"ListItem","position":3,"name":"Recordings"}]},{"@type":"WebSite","@id":"https:\/\/orkestris.riga.lv\/en\/#website","url":"https:\/\/orkestris.riga.lv\/en\/","name":"Or\u0137estris R\u012aGA","description":"Orchestra RIGA","publisher":{"@id":"https:\/\/orkestris.riga.lv\/en\/#organization"},"potentialAction":[{"@type":"SearchAction","target":{"@type":"EntryPoint","urlTemplate":"https:\/\/orkestris.riga.lv\/en\/?s={search_term_string}"},"query-input":{"@type":"PropertyValueSpecification","valueRequired":true,"valueName":"search_term_string"}}],"inLanguage":"en-US"},{"@type":"Organization","@id":"https:\/\/orkestris.riga.lv\/en\/#organization","name":"Or\u0137estris R\u012aGA","url":"https:\/\/orkestris.riga.lv\/en\/","logo":{"@type":"ImageObject","inLanguage":"en-US","@id":"https:\/\/orkestris.riga.lv\/en\/#\/schema\/logo\/image\/","url":"https:\/\/orkestris.riga.lv\/wp-content\/uploads\/2025\/01\/orkestris_riga_logo.png","contentUrl":"https:\/\/orkestris.riga.lv\/wp-content\/uploads\/2025\/01\/orkestris_riga_logo.png","width":1200,"height":505,"caption":"Or\u0137estris R\u012aGA"},"image":{"@id":"https:\/\/orkestris.riga.lv\/en\/#\/schema\/logo\/image\/"},"sameAs":["https:\/\/www.facebook.com\/rigaorchestra","https:\/\/www.youtube.com\/rigaorchestra","https:\/\/www.instagram.com\/rigaorchestra"]}]}},"_links":{"self":[{"href":"https:\/\/orkestris.riga.lv\/en\/wp-json\/wp\/v2\/pages\/1192","targetHints":{"allow":["GET"]}}],"collection":[{"href":"https:\/\/orkestris.riga.lv\/en\/wp-json\/wp\/v2\/pages"}],"about":[{"href":"https:\/\/orkestris.riga.lv\/en\/wp-json\/wp\/v2\/types\/page"}],"author":[{"embeddable":true,"href":"https:\/\/orkestris.riga.lv\/en\/wp-json\/wp\/v2\/users\/1"}],"replies":[{"embeddable":true,"href":"https:\/\/orkestris.riga.lv\/en\/wp-json\/wp\/v2\/comments?post=1192"}],"version-history":[{"count":2,"href":"https:\/\/orkestris.riga.lv\/en\/wp-json\/wp\/v2\/pages\/1192\/revisions"}],"predecessor-version":[{"id":1194,"href":"https:\/\/orkestris.riga.lv\/en\/wp-json\/wp\/v2\/pages\/1192\/revisions\/1194"}],"up":[{"embeddable":true,"href":"https:\/\/orkestris.riga.lv\/en\/wp-json\/wp\/v2\/pages\/791"}],"wp:attachment":[{"href":"https:\/\/orkestris.riga.lv\/en\/wp-json\/wp\/v2\/media?parent=1192"}],"curies":[{"name":"wp","href":"https:\/\/api.w.org\/{rel}","templated":true}]}}