{"id":12513,"date":"2023-09-11T15:02:41","date_gmt":"2023-09-11T12:02:41","guid":{"rendered":"https:\/\/orkestris.riga.lv\/?page_id=12513"},"modified":"2023-09-11T15:02:41","modified_gmt":"2023-09-11T12:02:41","slug":"christmas-rhapsody","status":"publish","type":"page","link":"https:\/\/orkestris.riga.lv\/en\/christmas-rhapsody\/","title":{"rendered":"CHRISTMAS RHAPSODY"},"content":{"rendered":"\n<style type=\"text\/css\" data-created_by=\"avia_inline_auto\" id=\"style-css-av-lmeu045u-129d3fc8de1635a8817dd9ed273a7938\">\n#top .av-special-heading.av-lmeu045u-129d3fc8de1635a8817dd9ed273a7938{\npadding-bottom:30px;\n}\nbody .av-special-heading.av-lmeu045u-129d3fc8de1635a8817dd9ed273a7938 .av-special-heading-tag .heading-char{\nfont-size:25px;\n}\n.av-special-heading.av-lmeu045u-129d3fc8de1635a8817dd9ed273a7938 .av-subheading{\nfont-size:15px;\n}\n<\/style>\n<div  class='av-special-heading av-lmeu045u-129d3fc8de1635a8817dd9ed273a7938 av-special-heading-h1 blockquote modern-quote  avia-builder-el-0  el_before_av_one_half  avia-builder-el-first '><div class='av-subheading av-subheading_above'><p>Concert in Valka Culture centre<\/p>\n<\/div><h1 class='av-special-heading-tag '  itemprop=\"headline\"  >CHRISTMAS RHAPSODY<\/h1><div class=\"special-heading-border\"><div class=\"special-heading-inner-border\"><\/div><\/div><\/div>\n\n<style type=\"text\/css\" data-created_by=\"avia_inline_auto\" id=\"style-css-av-av_one_half-352b07ef7d3bc99b2e9f92e7a9e06bdb\">\n.flex_column.av-av_one_half-352b07ef7d3bc99b2e9f92e7a9e06bdb{\nborder-radius:0px 0px 0px 0px;\npadding:0px 0px 0px 0px;\n}\n<\/style>\n<div  class='flex_column av-av_one_half-352b07ef7d3bc99b2e9f92e7a9e06bdb av_one_half  avia-builder-el-1  el_after_av_heading  el_before_av_one_half  first flex_column_div av-zero-column-padding  '     ><style type=\"text\/css\" data-created_by=\"avia_inline_auto\" id=\"style-css-av-lmeu1rch-82882a72ad4489cb9173cf3989ecf4f9\">\n.avia-image-container.av-lmeu1rch-82882a72ad4489cb9173cf3989ecf4f9 img.avia_image{\nbox-shadow:none;\n}\n.avia-image-container.av-lmeu1rch-82882a72ad4489cb9173cf3989ecf4f9 .av-image-caption-overlay-center{\ncolor:#ffffff;\n}\n<\/style>\n<div  class='avia-image-container av-lmeu1rch-82882a72ad4489cb9173cf3989ecf4f9 av-styling- av-img-linked avia-align-center  avia-builder-el-2  avia-builder-el-no-sibling '   itemprop=\"image\" itemscope=\"itemscope\" itemtype=\"https:\/\/schema.org\/ImageObject\" ><div class=\"avia-image-container-inner\"><div class=\"avia-image-overlay-wrap\"><a href=\"https:\/\/orkestris.riga.lv\/wp-content\/uploads\/2023\/09\/FB_Event_Ziemassvetku_rapsodija-mazaks-1030x539.jpg\" data-srcset=\"https:\/\/orkestris.riga.lv\/wp-content\/uploads\/2023\/09\/FB_Event_Ziemassvetku_rapsodija-mazaks-1030x539.jpg 1030w, https:\/\/orkestris.riga.lv\/wp-content\/uploads\/2023\/09\/FB_Event_Ziemassvetku_rapsodija-mazaks-300x157.jpg 300w, https:\/\/orkestris.riga.lv\/wp-content\/uploads\/2023\/09\/FB_Event_Ziemassvetku_rapsodija-mazaks-768x402.jpg 768w, https:\/\/orkestris.riga.lv\/wp-content\/uploads\/2023\/09\/FB_Event_Ziemassvetku_rapsodija-mazaks-1536x804.jpg 1536w, https:\/\/orkestris.riga.lv\/wp-content\/uploads\/2023\/09\/FB_Event_Ziemassvetku_rapsodija-mazaks-1500x785.jpg 1500w, https:\/\/orkestris.riga.lv\/wp-content\/uploads\/2023\/09\/FB_Event_Ziemassvetku_rapsodija-mazaks-705x369.jpg 705w, https:\/\/orkestris.riga.lv\/wp-content\/uploads\/2023\/09\/FB_Event_Ziemassvetku_rapsodija-mazaks.jpg 2000w\" data-sizes=\"(max-width: 1030px) 100vw, 1030px\" class='avia_image '  aria-label='FB_Event_Ziemassvetku_rapsodija-mazaks'><img decoding=\"async\" fetchpriority=\"high\" class='wp-image-12514 avia-img-lazy-loading-not-12514 avia_image ' src=\"https:\/\/orkestris.riga.lv\/wp-content\/uploads\/2023\/09\/FB_Event_Ziemassvetku_rapsodija-mazaks-300x157.jpg\" alt='' title='FB_Event_Ziemassvetku_rapsodija-mazaks'  height=\"157\" width=\"300\"  itemprop=\"thumbnailUrl\" srcset=\"https:\/\/orkestris.riga.lv\/wp-content\/uploads\/2023\/09\/FB_Event_Ziemassvetku_rapsodija-mazaks-300x157.jpg 300w, https:\/\/orkestris.riga.lv\/wp-content\/uploads\/2023\/09\/FB_Event_Ziemassvetku_rapsodija-mazaks-1030x539.jpg 1030w, https:\/\/orkestris.riga.lv\/wp-content\/uploads\/2023\/09\/FB_Event_Ziemassvetku_rapsodija-mazaks-768x402.jpg 768w, https:\/\/orkestris.riga.lv\/wp-content\/uploads\/2023\/09\/FB_Event_Ziemassvetku_rapsodija-mazaks-1536x804.jpg 1536w, https:\/\/orkestris.riga.lv\/wp-content\/uploads\/2023\/09\/FB_Event_Ziemassvetku_rapsodija-mazaks-1500x785.jpg 1500w, https:\/\/orkestris.riga.lv\/wp-content\/uploads\/2023\/09\/FB_Event_Ziemassvetku_rapsodija-mazaks-710x375.jpg 710w, https:\/\/orkestris.riga.lv\/wp-content\/uploads\/2023\/09\/FB_Event_Ziemassvetku_rapsodija-mazaks-705x369.jpg 705w, https:\/\/orkestris.riga.lv\/wp-content\/uploads\/2023\/09\/FB_Event_Ziemassvetku_rapsodija-mazaks.jpg 2000w\" sizes=\"(max-width: 300px) 100vw, 300px\" \/><\/a><\/div><\/div><\/div><\/div>\n<style type=\"text\/css\" data-created_by=\"avia_inline_auto\" id=\"style-css-av-av_one_half-2a64de42b738552fe666ca889af77e28\">\n.flex_column.av-av_one_half-2a64de42b738552fe666ca889af77e28{\nborder-radius:0px 0px 0px 0px;\npadding:0px 0px 0px 0px;\n}\n<\/style>\n<div  class='flex_column av-av_one_half-2a64de42b738552fe666ca889af77e28 av_one_half  avia-builder-el-3  el_after_av_one_half  avia-builder-el-last  flex_column_div av-zero-column-padding  '     ><p><div class='avia-data-table-wrap av-av_table-50e186637ed9ed16c605214627a3a44d avia_responsive_table avia-table-1'><table  class='avia-table avia-data-table avia_pricing_default  avia-builder-el-4  el_before_av_textblock  avia-builder-el-first '  itemscope=\"itemscope\" itemtype=\"https:\/\/schema.org\/Table\" ><tbody><tr class='avia-heading-row'><th class='avia-center-col'>1. DEC.<\/th><th class='avia-center-col'>7 pm<\/th><\/tr><tr class=''><td class='avia-center-col'>Ticket price<\/td><td class='avia-center-col'>25\u20ac<br \/>\n20\u20ac<br \/>\n15\u20ac<br \/>\n10\u20ac<br \/>\n<\/td><\/tr><tr class=''><td class='avia-center-col'>Place<\/td><td class='avia-center-col'>Valka Culture centre<\/td><\/tr><\/tbody><\/table><\/div><style type='text\/css'>.avia-table-1 td:nth-of-type(1):before { content: '1. DEC.'; } .avia-table-1 td:nth-of-type(2):before { content: '7 pm'; } <\/style><br \/>\n<section  class='av_textblock_section av-lmeu0ox1-b87c2be63627195ca3917ccafcd57249 '   itemscope=\"itemscope\" itemtype=\"https:\/\/schema.org\/CreativeWork\" ><div class='avia_textblock'  itemprop=\"text\" ><p>Participants:<\/p>\n<p><strong>Orchestra RIGA<\/strong><\/p>\n<p>Pianist\u00a0<strong>Rihards Ple\u0161anovs<\/strong><\/p>\n<p>Conductor\u00a0<strong>Valdis But\u0101ns<\/strong><\/p>\n<p>Concert leader\u00a0<strong>Raitis Zapackis<\/strong><\/p>\n<p>The concert program CHRISTMAS RHAPSODY, with which the Orchestra RIGA will visit the Valka City Culture House, will permeate joy and brightness, with the bright sounds of wind instruments, waiting for the Christmas season. Rhapsody is a thematically developed composition in the form of fantasy, and at the concert, the audience will be able to let their imaginations run free, listening to two rhapsodies &#8211; the iconic &#8220;Rhapsody in Blue&#8221; by George Gershwin and the less frequently performed &#8220;Rhapsody&#8221; by Latvian composer Raimonds Pauls.<\/p>\n<p>The central piece of the program is the pearl of Latvian music \u2013 Raimonds Paul&#8217;s \u201cRhapsody\u201d \u2013 which will be performed for the second time in the editorial for solo piano and wind orchestra. Only at the beginning of 2023, the composer, in cooperation with the arranger J\u0101nis Milti\u0146\u0161, gave the opportunity and his blessing to &#8220;Rhapsody&#8221; to be performed by other pianists as soloists, thus giving the opportunity to enjoy this composition to a wider audience. The concert will also feature the most popular tunes from George Gershwin&#8217;s opera &#8220;Porgy and Bess&#8221; and Christmas music in special arrangements for the symphonic band.<\/p>\n<p>In this concert, Orchestra RIGA has invited pianist Rihards Ple\u0161anovs, who was born and originally studied there, in North Vidzeme, to collaborate. In 2022, Rihard&#8217;s performance was highlighted with a nomination for the Great Music Award in the category &#8220;For outstanding work in an ensemble&#8221;. In this concert, you will have the opportunity to listen to how Ple\u0161anovs plays with the musicians of the Orchestra RIGA in the ensemble.<\/p>\n<p>The concert is supported by the Vidzeme Planning Region and the State Cultural Capital Fund. The concert is organized in cooperation with Valka City Culture House.<\/p>\n<\/div><\/section><br \/>\n\n<style type=\"text\/css\" data-created_by=\"avia_inline_auto\" id=\"style-css-av-av_hr-a6de236e6c183bbbd700292deacd2b52\">\n#top .hr.hr-invisible.av-av_hr-a6de236e6c183bbbd700292deacd2b52{\nheight:20px;\n}\n<\/style>\n<div  class='hr av-av_hr-a6de236e6c183bbbd700292deacd2b52 hr-invisible  avia-builder-el-6  el_after_av_textblock  el_before_av_button '><span class='hr-inner '><span class=\"hr-inner-style\"><\/span><\/span><\/div><br \/>\n<div  class='avia-button-wrap av-lmeu3ptd-7b2698fe804b1a4164e7a1b41c827459-wrap avia-button-left  avia-builder-el-7  el_after_av_hr  el_before_av_hr '><a href='https:\/\/www.bilesuparadize.lv\/en\/event\/130038'  class='avia-button av-lmeu3ptd-7b2698fe804b1a4164e7a1b41c827459 av-link-btn avia-icon_select-no avia-size-small avia-position-left avia-color-theme-color'  target=\"_blank\"  rel=\"noopener noreferrer\"  aria-label=\"PIRKT BI\u013bETES\"><span class='avia_iconbox_title' >PIRKT BI\u013bETES<\/span><\/a><\/div><br \/>\n\n<style type=\"text\/css\" data-created_by=\"avia_inline_auto\" id=\"style-css-av-av_hr-0688d0b0b6ed2f8b057db7a8270206df\">\n#top .hr.hr-invisible.av-av_hr-0688d0b0b6ed2f8b057db7a8270206df{\nheight:50px;\n}\n<\/style>\n<div  class='hr av-av_hr-0688d0b0b6ed2f8b057db7a8270206df hr-invisible  avia-builder-el-8  el_after_av_button  el_before_av_social_share '><span class='hr-inner '><span class=\"hr-inner-style\"><\/span><\/span><\/div><br \/>\n<div  class='av-social-sharing-box av-av_social_share-9e76c3a3d696a767864f78fc4d816411 av-social-sharing-box-default  avia-builder-el-9  el_after_av_hr  avia-builder-el-last  av-social-sharing-box-fullwidth'><\/div><\/p><\/div><\/p>\n","protected":false},"excerpt":{"rendered":"","protected":false},"author":3,"featured_media":12294,"parent":0,"menu_order":0,"comment_status":"closed","ping_status":"closed","template":"","meta":{"footnotes":""},"class_list":["post-12513","page","type-page","status-publish","has-post-thumbnail","hentry"],"yoast_head":"<!-- This site is optimized with the Yoast SEO plugin v27.4 - https:\/\/yoast.com\/product\/yoast-seo-wordpress\/ -->\n<title>CHRISTMAS RHAPSODY - Or\u0137estris R\u012aGA<\/title>\n<meta name=\"robots\" content=\"index, follow, max-snippet:-1, max-image-preview:large, max-video-preview:-1\" \/>\n<link rel=\"canonical\" href=\"https:\/\/orkestris.riga.lv\/en\/christmas-rhapsody\/\" \/>\n<meta property=\"og:locale\" content=\"en_US\" \/>\n<meta property=\"og:type\" content=\"article\" \/>\n<meta property=\"og:title\" content=\"CHRISTMAS RHAPSODY - Or\u0137estris R\u012aGA\" \/>\n<meta property=\"og:url\" content=\"https:\/\/orkestris.riga.lv\/en\/christmas-rhapsody\/\" \/>\n<meta property=\"og:site_name\" content=\"Or\u0137estris R\u012aGA\" \/>\n<meta property=\"article:publisher\" content=\"https:\/\/www.facebook.com\/rigaorchestra\" \/>\n<meta property=\"og:image\" content=\"https:\/\/orkestris.riga.lv\/wp-content\/uploads\/2023\/07\/FB_Event_Ziemassvetku_rapsodija-mazaks.jpg\" \/>\n\t<meta property=\"og:image:width\" content=\"2000\" \/>\n\t<meta property=\"og:image:height\" content=\"1047\" \/>\n\t<meta property=\"og:image:type\" content=\"image\/jpeg\" \/>\n<meta name=\"twitter:card\" content=\"summary_large_image\" \/>\n<meta name=\"twitter:label1\" content=\"Est. reading time\" \/>\n\t<meta name=\"twitter:data1\" content=\"8 minutes\" \/>\n<script type=\"application\/ld+json\" class=\"yoast-schema-graph\">{\"@context\":\"https:\\\/\\\/schema.org\",\"@graph\":[{\"@type\":\"WebPage\",\"@id\":\"https:\\\/\\\/orkestris.riga.lv\\\/en\\\/christmas-rhapsody\\\/\",\"url\":\"https:\\\/\\\/orkestris.riga.lv\\\/en\\\/christmas-rhapsody\\\/\",\"name\":\"CHRISTMAS RHAPSODY - Or\u0137estris R\u012aGA\",\"isPartOf\":{\"@id\":\"https:\\\/\\\/orkestris.riga.lv\\\/en\\\/#website\"},\"primaryImageOfPage\":{\"@id\":\"https:\\\/\\\/orkestris.riga.lv\\\/en\\\/christmas-rhapsody\\\/#primaryimage\"},\"image\":{\"@id\":\"https:\\\/\\\/orkestris.riga.lv\\\/en\\\/christmas-rhapsody\\\/#primaryimage\"},\"thumbnailUrl\":\"https:\\\/\\\/orkestris.riga.lv\\\/wp-content\\\/uploads\\\/2023\\\/07\\\/FB_Event_Ziemassvetku_rapsodija-mazaks.jpg\",\"datePublished\":\"2023-09-11T12:02:41+00:00\",\"breadcrumb\":{\"@id\":\"https:\\\/\\\/orkestris.riga.lv\\\/en\\\/christmas-rhapsody\\\/#breadcrumb\"},\"inLanguage\":\"en-US\",\"potentialAction\":[{\"@type\":\"ReadAction\",\"target\":[\"https:\\\/\\\/orkestris.riga.lv\\\/en\\\/christmas-rhapsody\\\/\"]}]},{\"@type\":\"ImageObject\",\"inLanguage\":\"en-US\",\"@id\":\"https:\\\/\\\/orkestris.riga.lv\\\/en\\\/christmas-rhapsody\\\/#primaryimage\",\"url\":\"https:\\\/\\\/orkestris.riga.lv\\\/wp-content\\\/uploads\\\/2023\\\/07\\\/FB_Event_Ziemassvetku_rapsodija-mazaks.jpg\",\"contentUrl\":\"https:\\\/\\\/orkestris.riga.lv\\\/wp-content\\\/uploads\\\/2023\\\/07\\\/FB_Event_Ziemassvetku_rapsodija-mazaks.jpg\",\"width\":2000,\"height\":1047},{\"@type\":\"BreadcrumbList\",\"@id\":\"https:\\\/\\\/orkestris.riga.lv\\\/en\\\/christmas-rhapsody\\\/#breadcrumb\",\"itemListElement\":[{\"@type\":\"ListItem\",\"position\":1,\"name\":\"Home\",\"item\":\"https:\\\/\\\/orkestris.riga.lv\\\/en\\\/\"},{\"@type\":\"ListItem\",\"position\":2,\"name\":\"CHRISTMAS RHAPSODY\"}]},{\"@type\":\"WebSite\",\"@id\":\"https:\\\/\\\/orkestris.riga.lv\\\/en\\\/#website\",\"url\":\"https:\\\/\\\/orkestris.riga.lv\\\/en\\\/\",\"name\":\"Or\u0137estris R\u012aGA\",\"description\":\"Orchestra RIGA\",\"publisher\":{\"@id\":\"https:\\\/\\\/orkestris.riga.lv\\\/en\\\/#organization\"},\"potentialAction\":[{\"@type\":\"SearchAction\",\"target\":{\"@type\":\"EntryPoint\",\"urlTemplate\":\"https:\\\/\\\/orkestris.riga.lv\\\/en\\\/?s={search_term_string}\"},\"query-input\":{\"@type\":\"PropertyValueSpecification\",\"valueRequired\":true,\"valueName\":\"search_term_string\"}}],\"inLanguage\":\"en-US\"},{\"@type\":\"Organization\",\"@id\":\"https:\\\/\\\/orkestris.riga.lv\\\/en\\\/#organization\",\"name\":\"Or\u0137estris R\u012aGA\",\"url\":\"https:\\\/\\\/orkestris.riga.lv\\\/en\\\/\",\"logo\":{\"@type\":\"ImageObject\",\"inLanguage\":\"en-US\",\"@id\":\"https:\\\/\\\/orkestris.riga.lv\\\/en\\\/#\\\/schema\\\/logo\\\/image\\\/\",\"url\":\"https:\\\/\\\/orkestris.riga.lv\\\/wp-content\\\/uploads\\\/2025\\\/01\\\/orkestris_riga_logo.png\",\"contentUrl\":\"https:\\\/\\\/orkestris.riga.lv\\\/wp-content\\\/uploads\\\/2025\\\/01\\\/orkestris_riga_logo.png\",\"width\":1200,\"height\":505,\"caption\":\"Or\u0137estris R\u012aGA\"},\"image\":{\"@id\":\"https:\\\/\\\/orkestris.riga.lv\\\/en\\\/#\\\/schema\\\/logo\\\/image\\\/\"},\"sameAs\":[\"https:\\\/\\\/www.facebook.com\\\/rigaorchestra\",\"https:\\\/\\\/www.youtube.com\\\/rigaorchestra\",\"https:\\\/\\\/www.instagram.com\\\/rigaorchestra\"]}]}<\/script>\n<!-- \/ Yoast SEO plugin. -->","yoast_head_json":{"title":"CHRISTMAS RHAPSODY - Or\u0137estris R\u012aGA","robots":{"index":"index","follow":"follow","max-snippet":"max-snippet:-1","max-image-preview":"max-image-preview:large","max-video-preview":"max-video-preview:-1"},"canonical":"https:\/\/orkestris.riga.lv\/en\/christmas-rhapsody\/","og_locale":"en_US","og_type":"article","og_title":"CHRISTMAS RHAPSODY - Or\u0137estris R\u012aGA","og_url":"https:\/\/orkestris.riga.lv\/en\/christmas-rhapsody\/","og_site_name":"Or\u0137estris R\u012aGA","article_publisher":"https:\/\/www.facebook.com\/rigaorchestra","og_image":[{"width":2000,"height":1047,"url":"https:\/\/orkestris.riga.lv\/wp-content\/uploads\/2023\/07\/FB_Event_Ziemassvetku_rapsodija-mazaks.jpg","type":"image\/jpeg"}],"twitter_card":"summary_large_image","twitter_misc":{"Est. reading time":"8 minutes"},"schema":{"@context":"https:\/\/schema.org","@graph":[{"@type":"WebPage","@id":"https:\/\/orkestris.riga.lv\/en\/christmas-rhapsody\/","url":"https:\/\/orkestris.riga.lv\/en\/christmas-rhapsody\/","name":"CHRISTMAS RHAPSODY - Or\u0137estris R\u012aGA","isPartOf":{"@id":"https:\/\/orkestris.riga.lv\/en\/#website"},"primaryImageOfPage":{"@id":"https:\/\/orkestris.riga.lv\/en\/christmas-rhapsody\/#primaryimage"},"image":{"@id":"https:\/\/orkestris.riga.lv\/en\/christmas-rhapsody\/#primaryimage"},"thumbnailUrl":"https:\/\/orkestris.riga.lv\/wp-content\/uploads\/2023\/07\/FB_Event_Ziemassvetku_rapsodija-mazaks.jpg","datePublished":"2023-09-11T12:02:41+00:00","breadcrumb":{"@id":"https:\/\/orkestris.riga.lv\/en\/christmas-rhapsody\/#breadcrumb"},"inLanguage":"en-US","potentialAction":[{"@type":"ReadAction","target":["https:\/\/orkestris.riga.lv\/en\/christmas-rhapsody\/"]}]},{"@type":"ImageObject","inLanguage":"en-US","@id":"https:\/\/orkestris.riga.lv\/en\/christmas-rhapsody\/#primaryimage","url":"https:\/\/orkestris.riga.lv\/wp-content\/uploads\/2023\/07\/FB_Event_Ziemassvetku_rapsodija-mazaks.jpg","contentUrl":"https:\/\/orkestris.riga.lv\/wp-content\/uploads\/2023\/07\/FB_Event_Ziemassvetku_rapsodija-mazaks.jpg","width":2000,"height":1047},{"@type":"BreadcrumbList","@id":"https:\/\/orkestris.riga.lv\/en\/christmas-rhapsody\/#breadcrumb","itemListElement":[{"@type":"ListItem","position":1,"name":"Home","item":"https:\/\/orkestris.riga.lv\/en\/"},{"@type":"ListItem","position":2,"name":"CHRISTMAS RHAPSODY"}]},{"@type":"WebSite","@id":"https:\/\/orkestris.riga.lv\/en\/#website","url":"https:\/\/orkestris.riga.lv\/en\/","name":"Or\u0137estris R\u012aGA","description":"Orchestra RIGA","publisher":{"@id":"https:\/\/orkestris.riga.lv\/en\/#organization"},"potentialAction":[{"@type":"SearchAction","target":{"@type":"EntryPoint","urlTemplate":"https:\/\/orkestris.riga.lv\/en\/?s={search_term_string}"},"query-input":{"@type":"PropertyValueSpecification","valueRequired":true,"valueName":"search_term_string"}}],"inLanguage":"en-US"},{"@type":"Organization","@id":"https:\/\/orkestris.riga.lv\/en\/#organization","name":"Or\u0137estris R\u012aGA","url":"https:\/\/orkestris.riga.lv\/en\/","logo":{"@type":"ImageObject","inLanguage":"en-US","@id":"https:\/\/orkestris.riga.lv\/en\/#\/schema\/logo\/image\/","url":"https:\/\/orkestris.riga.lv\/wp-content\/uploads\/2025\/01\/orkestris_riga_logo.png","contentUrl":"https:\/\/orkestris.riga.lv\/wp-content\/uploads\/2025\/01\/orkestris_riga_logo.png","width":1200,"height":505,"caption":"Or\u0137estris R\u012aGA"},"image":{"@id":"https:\/\/orkestris.riga.lv\/en\/#\/schema\/logo\/image\/"},"sameAs":["https:\/\/www.facebook.com\/rigaorchestra","https:\/\/www.youtube.com\/rigaorchestra","https:\/\/www.instagram.com\/rigaorchestra"]}]}},"_links":{"self":[{"href":"https:\/\/orkestris.riga.lv\/en\/wp-json\/wp\/v2\/pages\/12513","targetHints":{"allow":["GET"]}}],"collection":[{"href":"https:\/\/orkestris.riga.lv\/en\/wp-json\/wp\/v2\/pages"}],"about":[{"href":"https:\/\/orkestris.riga.lv\/en\/wp-json\/wp\/v2\/types\/page"}],"author":[{"embeddable":true,"href":"https:\/\/orkestris.riga.lv\/en\/wp-json\/wp\/v2\/users\/3"}],"replies":[{"embeddable":true,"href":"https:\/\/orkestris.riga.lv\/en\/wp-json\/wp\/v2\/comments?post=12513"}],"version-history":[{"count":2,"href":"https:\/\/orkestris.riga.lv\/en\/wp-json\/wp\/v2\/pages\/12513\/revisions"}],"predecessor-version":[{"id":12517,"href":"https:\/\/orkestris.riga.lv\/en\/wp-json\/wp\/v2\/pages\/12513\/revisions\/12517"}],"wp:featuredmedia":[{"embeddable":true,"href":"https:\/\/orkestris.riga.lv\/en\/wp-json\/wp\/v2\/media\/12294"}],"wp:attachment":[{"href":"https:\/\/orkestris.riga.lv\/en\/wp-json\/wp\/v2\/media?parent=12513"}],"curies":[{"name":"wp","href":"https:\/\/api.w.org\/{rel}","templated":true}]}}