{"id":13835,"date":"2024-09-13T09:49:35","date_gmt":"2024-09-13T06:49:35","guid":{"rendered":"https:\/\/orkestris.riga.lv\/vestis\/news-2016-archive\/"},"modified":"2024-09-13T09:49:36","modified_gmt":"2024-09-13T06:49:36","slug":"news-2016-archive","status":"publish","type":"page","link":"https:\/\/orkestris.riga.lv\/en\/vestis\/news-2016-archive\/","title":{"rendered":"News | 2016 archive"},"content":{"rendered":"\n<style type=\"text\/css\" data-created_by=\"avia_inline_auto\" id=\"style-css-av-3mpsavo-6b674e463c068f1fdbc870e814184f98\">\n.flex_column.av-3mpsavo-6b674e463c068f1fdbc870e814184f98{\nborder-radius:0px 0px 0px 0px;\npadding:0px 0px 0px 0px;\n}\n<\/style>\n<div  class='flex_column av-3mpsavo-6b674e463c068f1fdbc870e814184f98 av_four_fifth  avia-builder-el-0  el_before_av_one_fifth  avia-builder-el-first  first flex_column_div av-zero-column-padding  '     ><p>\n<style type=\"text\/css\" data-created_by=\"avia_inline_auto\" id=\"style-css-av-2xaghg4-4d3b3bf96e044ca84b2d63e920556985\">\n#top .av-special-heading.av-2xaghg4-4d3b3bf96e044ca84b2d63e920556985{\npadding-bottom:10px;\n}\nbody .av-special-heading.av-2xaghg4-4d3b3bf96e044ca84b2d63e920556985 .av-special-heading-tag .heading-char{\nfont-size:25px;\n}\n.av-special-heading.av-2xaghg4-4d3b3bf96e044ca84b2d63e920556985 .av-subheading{\nfont-size:15px;\n}\n<\/style>\n<div  class='av-special-heading av-2xaghg4-4d3b3bf96e044ca84b2d63e920556985 av-special-heading-h1 blockquote modern-quote  avia-builder-el-1  el_before_av_hr  avia-builder-el-first '><h1 class='av-special-heading-tag '  itemprop=\"headline\"  >News | 2016 archive<\/h1><div class=\"special-heading-border\"><div class=\"special-heading-inner-border\"><\/div><\/div><\/div><br \/>\n<div  class='hr av-8i38pg-8ec4f03cd01b309ef97323cc4d48556e hr-default  avia-builder-el-2  el_after_av_heading  el_before_av_blog '><span class='hr-inner '><span class=\"hr-inner-style\"><\/span><\/span><\/div><br \/>\n<div  data-slideshow-options=\"{&quot;animation&quot;:&quot;fade&quot;,&quot;autoplay&quot;:false,&quot;loop_autoplay&quot;:&quot;once&quot;,&quot;interval&quot;:5,&quot;loop_manual&quot;:&quot;manual-endless&quot;,&quot;autoplay_stopper&quot;:false,&quot;noNavigation&quot;:false,&quot;show_slide_delay&quot;:90}\" class='avia-content-slider avia-content-grid-active avia-content-slider1 avia-content-slider-even  avia-builder-el-3  el_after_av_hr  avia-builder-el-last  av-slideshow-ui av-control-default   av-no-slider-navigation av-slideshow-manual av-loop-once av-loop-manual-endless '  itemscope=\"itemscope\" itemtype=\"https:\/\/schema.org\/Blog\" ><div class=\"avia-content-slider-inner\"><div class=\"slide-entry-wrap\"><article class='slide-entry flex_column  post-entry post-entry-2864 slide-entry-overview slide-loop-1 slide-parity-odd  av_one_half first real-thumbnail posttype-post post-format-standard'  itemscope=\"itemscope\" itemtype=\"https:\/\/schema.org\/CreativeWork\" ><a href='https:\/\/orkestris.riga.lv\/en\/riga-jazz-christmas-eve-celebrating-ella-fitzgerald\/' data-rel='slide-1' class='slide-image' title='RIGA JAZZ CHRISTMAS EVE &#8211; CELEBRATING ELLA FITZGERALD'><img decoding=\"async\" fetchpriority=\"high\" width=\"845\" height=\"321\" src=\"https:\/\/orkestris.riga.lv\/wp-content\/uploads\/2016\/10\/Orkestra-Riga-bigbends-Foto_I.-Strangots-845x321.jpg\" class=\"wp-image-2791 avia-img-lazy-loading-not-2791 attachment-entry_with_sidebar size-entry_with_sidebar wp-post-image\" alt=\"\" \/><\/a><div class=\"slide-content\"><header class=\"entry-content-header\" aria-label=\"Slide: RIGA JAZZ CHRISTMAS EVE - CELEBRATING ELLA FITZGERALD\"><h3 class='slide-entry-title entry-title '  itemprop=\"headline\" ><a href='https:\/\/orkestris.riga.lv\/en\/riga-jazz-christmas-eve-celebrating-ella-fitzgerald\/' title='RIGA JAZZ CHRISTMAS EVE &#8211; CELEBRATING ELLA FITZGERALD'>RIGA JAZZ CHRISTMAS EVE &#8211; CELEBRATING ELLA FITZGERALD<\/a><\/h3><span class=\"av-vertical-delimiter\"><\/span><\/header><div class=\"slide-meta\"><time class='slide-meta-time updated'  itemprop=\"datePublished\" datetime=\"2016-10-31T16:41:39+02:00\" >31.10.2016.<\/time><\/div><div class='slide-entry-excerpt entry-content'  itemprop=\"text\" >\r\n\r\n\r\n\r\n<\/div><\/div><footer class=\"entry-footer\"><\/footer><span class='hidden'>\n\t\t\t\t<span class='av-structured-data'  itemprop=\"image\" itemscope=\"itemscope\" itemtype=\"https:\/\/schema.org\/ImageObject\" >\n\t\t\t\t\t\t<span itemprop='url'>https:\/\/orkestris.riga.lv\/wp-content\/uploads\/2016\/10\/Orkestra-Riga-bigbends-Foto_I.-Strangots.jpg<\/span>\n\t\t\t\t\t\t<span itemprop='height'>1423<\/span>\n\t\t\t\t\t\t<span itemprop='width'>2134<\/span>\n\t\t\t\t<\/span>\n\t\t\t\t<span class='av-structured-data'  itemprop=\"publisher\" itemtype=\"https:\/\/schema.org\/Organization\" itemscope=\"itemscope\" >\n\t\t\t\t\t\t<span itemprop='name'>Baiba Tilhena<\/span>\n\t\t\t\t\t\t<span itemprop='logo' itemscope itemtype='https:\/\/schema.org\/ImageObject'>\n\t\t\t\t\t\t\t<span itemprop='url'>https:\/\/orkestris.riga.lv\/wp-content\/uploads\/2024\/09\/orkestris-riga_logo.svg<\/span>\n\t\t\t\t\t\t<\/span>\n\t\t\t\t<\/span><span class='av-structured-data'  itemprop=\"author\" itemscope=\"itemscope\" itemtype=\"https:\/\/schema.org\/Person\" ><span itemprop='name'>Baiba Tilhena<\/span><\/span><span class='av-structured-data'  itemprop=\"datePublished\" datetime=\"2024-09-13T09:49:35+03:00\" >2016-10-31 16:41:39<\/span><span class='av-structured-data'  itemprop=\"dateModified\" itemtype=\"https:\/\/schema.org\/dateModified\" >2016-11-01 16:29:22<\/span><span class='av-structured-data'  itemprop=\"mainEntityOfPage\" itemtype=\"https:\/\/schema.org\/mainEntityOfPage\" ><span itemprop='name'>RIGA JAZZ CHRISTMAS EVE &#8211; CELEBRATING ELLA FITZGERALD<\/span><\/span><\/span><\/article><article class='slide-entry flex_column  post-entry post-entry-2713 slide-entry-overview slide-loop-2 slide-parity-even  av_one_half  real-thumbnail posttype-post post-format-standard'  itemscope=\"itemscope\" itemtype=\"https:\/\/schema.org\/CreativeWork\" ><a href='https:\/\/orkestris.riga.lv\/en\/2713\/' data-rel='slide-1' class='slide-image' title=''><img decoding=\"async\" fetchpriority=\"high\" width=\"845\" height=\"321\" src=\"https:\/\/orkestris.riga.lv\/wp-content\/uploads\/2015\/09\/RTMM_p79263-Ordelovskis_Gunars-845x321.jpg\" class=\"wp-image-1212 avia-img-lazy-loading-not-1212 attachment-entry_with_sidebar size-entry_with_sidebar wp-post-image\" alt=\"\" \/><\/a><div class=\"slide-content\"><header class=\"entry-content-header\" aria-label=\"Slide\"><\/header><div class=\"slide-meta\"><time class='slide-meta-time updated'  itemprop=\"datePublished\" datetime=\"2016-10-10T12:12:19+03:00\" >10.10.2016.<\/time><\/div><div class='slide-entry-excerpt entry-content'  itemprop=\"text\" >\r\n\r\n\r\n\r\n<\/div><\/div><footer class=\"entry-footer\"><\/footer><span class='hidden'>\n\t\t\t\t<span class='av-structured-data'  itemprop=\"image\" itemscope=\"itemscope\" itemtype=\"https:\/\/schema.org\/ImageObject\" >\n\t\t\t\t\t\t<span itemprop='url'>https:\/\/orkestris.riga.lv\/wp-content\/uploads\/2015\/09\/RTMM_p79263-Ordelovskis_Gunars.jpg<\/span>\n\t\t\t\t\t\t<span itemprop='height'>1096<\/span>\n\t\t\t\t\t\t<span itemprop='width'>1500<\/span>\n\t\t\t\t<\/span>\n\t\t\t\t<span class='av-structured-data'  itemprop=\"publisher\" itemtype=\"https:\/\/schema.org\/Organization\" itemscope=\"itemscope\" >\n\t\t\t\t\t\t<span itemprop='name'>Baiba Tilhena<\/span>\n\t\t\t\t\t\t<span itemprop='logo' itemscope itemtype='https:\/\/schema.org\/ImageObject'>\n\t\t\t\t\t\t\t<span itemprop='url'>https:\/\/orkestris.riga.lv\/wp-content\/uploads\/2024\/09\/orkestris-riga_logo.svg<\/span>\n\t\t\t\t\t\t<\/span>\n\t\t\t\t<\/span><span class='av-structured-data'  itemprop=\"author\" itemscope=\"itemscope\" itemtype=\"https:\/\/schema.org\/Person\" ><span itemprop='name'>Baiba Tilhena<\/span><\/span><span class='av-structured-data'  itemprop=\"datePublished\" datetime=\"2024-09-13T09:49:35+03:00\" >2016-10-10 12:12:19<\/span><span class='av-structured-data'  itemprop=\"dateModified\" itemtype=\"https:\/\/schema.org\/dateModified\" >2016-10-10 12:27:56<\/span><span class='av-structured-data'  itemprop=\"mainEntityOfPage\" itemtype=\"https:\/\/schema.org\/mainEntityOfPage\" ><span itemprop='name'><\/span><\/span><\/span><\/article><\/div><div class=\"slide-entry-wrap\"><article class='slide-entry flex_column  post-entry post-entry-2717 slide-entry-overview slide-loop-3 slide-parity-odd  post-entry-last  av_one_half first real-thumbnail posttype-post post-format-standard'  itemscope=\"itemscope\" itemtype=\"https:\/\/schema.org\/CreativeWork\" ><a href='https:\/\/orkestris.riga.lv\/en\/orkestra-vesture-2\/' data-rel='slide-1' class='slide-image' title='Or\u0137estra &#8220;R\u012bga&#8221; darb\u012bba no 2007. gada'><img decoding=\"async\" fetchpriority=\"high\" width=\"845\" height=\"321\" src=\"https:\/\/orkestris.riga.lv\/wp-content\/uploads\/2016\/10\/Poga-un-orkestris-pusapliweb-845x321.jpg\" class=\"wp-image-2708 avia-img-lazy-loading-not-2708 attachment-entry_with_sidebar size-entry_with_sidebar wp-post-image\" alt=\"\" \/><\/a><div class=\"slide-content\"><header class=\"entry-content-header\" aria-label=\"Slide: Or\u0137estra &quot;R\u012bga&quot; darb\u012bba no 2007. gada\"><h3 class='slide-entry-title entry-title '  itemprop=\"headline\" ><a href='https:\/\/orkestris.riga.lv\/en\/orkestra-vesture-2\/' title='Or\u0137estra &#8220;R\u012bga&#8221; darb\u012bba no 2007. gada'>Or\u0137estra &#8220;R\u012bga&#8221; darb\u012bba no 2007. gada<\/a><\/h3><span class=\"av-vertical-delimiter\"><\/span><\/header><div class=\"slide-meta\"><time class='slide-meta-time updated'  itemprop=\"datePublished\" datetime=\"2016-10-10T11:43:08+03:00\" >10.10.2016.<\/time><\/div><div class='slide-entry-excerpt entry-content'  itemprop=\"text\" >\r\n\r\n<\/div><\/div><footer class=\"entry-footer\"><\/footer><span class='hidden'>\n\t\t\t\t<span class='av-structured-data'  itemprop=\"image\" itemscope=\"itemscope\" itemtype=\"https:\/\/schema.org\/ImageObject\" >\n\t\t\t\t\t\t<span itemprop='url'>https:\/\/orkestris.riga.lv\/wp-content\/uploads\/2016\/10\/Poga-un-orkestris-pusapliweb.jpg<\/span>\n\t\t\t\t\t\t<span itemprop='height'>1590<\/span>\n\t\t\t\t\t\t<span itemprop='width'>2385<\/span>\n\t\t\t\t<\/span>\n\t\t\t\t<span class='av-structured-data'  itemprop=\"publisher\" itemtype=\"https:\/\/schema.org\/Organization\" itemscope=\"itemscope\" >\n\t\t\t\t\t\t<span itemprop='name'>Baiba Tilhena<\/span>\n\t\t\t\t\t\t<span itemprop='logo' itemscope itemtype='https:\/\/schema.org\/ImageObject'>\n\t\t\t\t\t\t\t<span itemprop='url'>https:\/\/orkestris.riga.lv\/wp-content\/uploads\/2024\/09\/orkestris-riga_logo.svg<\/span>\n\t\t\t\t\t\t<\/span>\n\t\t\t\t<\/span><span class='av-structured-data'  itemprop=\"author\" itemscope=\"itemscope\" itemtype=\"https:\/\/schema.org\/Person\" ><span itemprop='name'>Baiba Tilhena<\/span><\/span><span class='av-structured-data'  itemprop=\"datePublished\" datetime=\"2024-09-13T09:49:35+03:00\" >2016-10-10 11:43:08<\/span><span class='av-structured-data'  itemprop=\"dateModified\" itemtype=\"https:\/\/schema.org\/dateModified\" >2024-11-06 19:32:30<\/span><span class='av-structured-data'  itemprop=\"mainEntityOfPage\" itemtype=\"https:\/\/schema.org\/mainEntityOfPage\" ><span itemprop='name'>Or\u0137estra &#8220;R\u012bga&#8221; darb\u012bba no 2007. gada<\/span><\/span><\/span><\/article><\/div><\/div><\/div><\/p><\/div><div  class='flex_column av-1ji0vmp-e1f2f0e158fe793f1f3e1b66deba8514 av_one_fifth  avia-builder-el-4  el_after_av_four_fifth  avia-builder-el-last  flex_column_div  '     ><div  class='avia-builder-widget-area clearfix  avia-builder-el-5  avia-builder-el-no-sibling '><section id=\"nav_menu-2\" class=\"widget clearfix widget_nav_menu\"><h3 class=\"widgettitle\">Arh\u012bvs<\/h3><div class=\"menu-archive-container\"><ul id=\"menu-archive\" class=\"menu\"><li id=\"menu-item-13813\" class=\"menu-item menu-item-type-post_type menu-item-object-page menu-item-13813\"><a href=\"https:\/\/orkestris.riga.lv\/en\/vestis\/\">Latest News<\/a><\/li>\n<li id=\"menu-item-13849\" class=\"menu-item menu-item-type-post_type menu-item-object-page menu-item-13849\"><a href=\"https:\/\/orkestris.riga.lv\/en\/vestis\/news-2023-archive\/\">2023<\/a><\/li>\n<li id=\"menu-item-13848\" class=\"menu-item menu-item-type-post_type menu-item-object-page menu-item-13848\"><a href=\"https:\/\/orkestris.riga.lv\/en\/vestis\/news-2022-archive\/\">2022<\/a><\/li>\n<li id=\"menu-item-13847\" class=\"menu-item menu-item-type-post_type menu-item-object-page menu-item-13847\"><a href=\"https:\/\/orkestris.riga.lv\/en\/vestis\/news-2021-archive\/\">2021<\/a><\/li>\n<li id=\"menu-item-13846\" class=\"menu-item menu-item-type-post_type menu-item-object-page menu-item-13846\"><a href=\"https:\/\/orkestris.riga.lv\/en\/vestis\/news-2020-archive\/\">2020<\/a><\/li>\n<li id=\"menu-item-13845\" class=\"menu-item menu-item-type-post_type menu-item-object-page menu-item-13845\"><a href=\"https:\/\/orkestris.riga.lv\/en\/vestis\/news-2019-archive\/\">2019<\/a><\/li>\n<li id=\"menu-item-13844\" class=\"menu-item menu-item-type-post_type menu-item-object-page menu-item-13844\"><a href=\"https:\/\/orkestris.riga.lv\/en\/vestis\/news-2018-archive\/\">2018<\/a><\/li>\n<li id=\"menu-item-13843\" class=\"menu-item menu-item-type-post_type menu-item-object-page menu-item-13843\"><a href=\"https:\/\/orkestris.riga.lv\/en\/vestis\/news-2017-archive\/\">2017<\/a><\/li>\n<li id=\"menu-item-13842\" class=\"menu-item menu-item-type-post_type menu-item-object-page menu-item-13842\"><a href=\"https:\/\/orkestris.riga.lv\/en\/vestis\/news-2016-archive\/\">2016<\/a><\/li>\n<li id=\"menu-item-13841\" class=\"menu-item menu-item-type-post_type menu-item-object-page menu-item-13841\"><a href=\"https:\/\/orkestris.riga.lv\/en\/vestis\/news-2015-archive\/\">2015<\/a><\/li>\n<\/ul><\/div><span class=\"seperator extralight-border\"><\/span><\/section><\/div><\/div><\/p>\n","protected":false},"excerpt":{"rendered":"","protected":false},"author":1,"featured_media":0,"parent":782,"menu_order":15,"comment_status":"closed","ping_status":"closed","template":"","meta":{"footnotes":""},"class_list":["post-13835","page","type-page","status-publish","hentry"],"yoast_head":"<!-- This site is optimized with the Yoast SEO plugin v27.3 - https:\/\/yoast.com\/product\/yoast-seo-wordpress\/ -->\n<title>News | 2016 archive - Or\u0137estris R\u012aGA<\/title>\n<meta name=\"robots\" content=\"index, follow, max-snippet:-1, max-image-preview:large, max-video-preview:-1\" \/>\n<link rel=\"canonical\" href=\"https:\/\/orkestris.riga.lv\/en\/vestis\/news-2016-archive\/\" \/>\n<meta property=\"og:locale\" content=\"en_US\" \/>\n<meta property=\"og:type\" content=\"article\" \/>\n<meta property=\"og:title\" content=\"News | 2016 archive - Or\u0137estris R\u012aGA\" \/>\n<meta property=\"og:url\" content=\"https:\/\/orkestris.riga.lv\/en\/vestis\/news-2016-archive\/\" \/>\n<meta property=\"og:site_name\" content=\"Or\u0137estris R\u012aGA\" \/>\n<meta property=\"article:publisher\" content=\"https:\/\/www.facebook.com\/rigaorchestra\" \/>\n<meta property=\"article:modified_time\" content=\"2024-09-13T06:49:36+00:00\" \/>\n<meta name=\"twitter:card\" content=\"summary_large_image\" \/>\n<meta name=\"twitter:label1\" content=\"Est. reading time\" \/>\n\t<meta name=\"twitter:data1\" content=\"4 minutes\" \/>\n<script type=\"application\/ld+json\" class=\"yoast-schema-graph\">{\"@context\":\"https:\\\/\\\/schema.org\",\"@graph\":[{\"@type\":\"WebPage\",\"@id\":\"https:\\\/\\\/orkestris.riga.lv\\\/en\\\/vestis\\\/news-2016-archive\\\/\",\"url\":\"https:\\\/\\\/orkestris.riga.lv\\\/en\\\/vestis\\\/news-2016-archive\\\/\",\"name\":\"News | 2016 archive - Or\u0137estris R\u012aGA\",\"isPartOf\":{\"@id\":\"https:\\\/\\\/orkestris.riga.lv\\\/en\\\/#website\"},\"datePublished\":\"2024-09-13T06:49:35+00:00\",\"dateModified\":\"2024-09-13T06:49:36+00:00\",\"breadcrumb\":{\"@id\":\"https:\\\/\\\/orkestris.riga.lv\\\/en\\\/vestis\\\/news-2016-archive\\\/#breadcrumb\"},\"inLanguage\":\"en-US\",\"potentialAction\":[{\"@type\":\"ReadAction\",\"target\":[\"https:\\\/\\\/orkestris.riga.lv\\\/en\\\/vestis\\\/news-2016-archive\\\/\"]}]},{\"@type\":\"BreadcrumbList\",\"@id\":\"https:\\\/\\\/orkestris.riga.lv\\\/en\\\/vestis\\\/news-2016-archive\\\/#breadcrumb\",\"itemListElement\":[{\"@type\":\"ListItem\",\"position\":1,\"name\":\"Home\",\"item\":\"https:\\\/\\\/orkestris.riga.lv\\\/en\\\/\"},{\"@type\":\"ListItem\",\"position\":2,\"name\":\"News\",\"item\":\"https:\\\/\\\/orkestris.riga.lv\\\/en\\\/vestis\\\/\"},{\"@type\":\"ListItem\",\"position\":3,\"name\":\"News | 2016 archive\"}]},{\"@type\":\"WebSite\",\"@id\":\"https:\\\/\\\/orkestris.riga.lv\\\/en\\\/#website\",\"url\":\"https:\\\/\\\/orkestris.riga.lv\\\/en\\\/\",\"name\":\"Or\u0137estris R\u012aGA\",\"description\":\"Orchestra RIGA\",\"publisher\":{\"@id\":\"https:\\\/\\\/orkestris.riga.lv\\\/en\\\/#organization\"},\"potentialAction\":[{\"@type\":\"SearchAction\",\"target\":{\"@type\":\"EntryPoint\",\"urlTemplate\":\"https:\\\/\\\/orkestris.riga.lv\\\/en\\\/?s={search_term_string}\"},\"query-input\":{\"@type\":\"PropertyValueSpecification\",\"valueRequired\":true,\"valueName\":\"search_term_string\"}}],\"inLanguage\":\"en-US\"},{\"@type\":\"Organization\",\"@id\":\"https:\\\/\\\/orkestris.riga.lv\\\/en\\\/#organization\",\"name\":\"Or\u0137estris R\u012aGA\",\"url\":\"https:\\\/\\\/orkestris.riga.lv\\\/en\\\/\",\"logo\":{\"@type\":\"ImageObject\",\"inLanguage\":\"en-US\",\"@id\":\"https:\\\/\\\/orkestris.riga.lv\\\/en\\\/#\\\/schema\\\/logo\\\/image\\\/\",\"url\":\"https:\\\/\\\/orkestris.riga.lv\\\/wp-content\\\/uploads\\\/2025\\\/01\\\/orkestris_riga_logo.png\",\"contentUrl\":\"https:\\\/\\\/orkestris.riga.lv\\\/wp-content\\\/uploads\\\/2025\\\/01\\\/orkestris_riga_logo.png\",\"width\":1200,\"height\":505,\"caption\":\"Or\u0137estris R\u012aGA\"},\"image\":{\"@id\":\"https:\\\/\\\/orkestris.riga.lv\\\/en\\\/#\\\/schema\\\/logo\\\/image\\\/\"},\"sameAs\":[\"https:\\\/\\\/www.facebook.com\\\/rigaorchestra\",\"https:\\\/\\\/www.youtube.com\\\/rigaorchestra\",\"https:\\\/\\\/www.instagram.com\\\/rigaorchestra\"]}]}<\/script>\n<!-- \/ Yoast SEO plugin. -->","yoast_head_json":{"title":"News | 2016 archive - Or\u0137estris R\u012aGA","robots":{"index":"index","follow":"follow","max-snippet":"max-snippet:-1","max-image-preview":"max-image-preview:large","max-video-preview":"max-video-preview:-1"},"canonical":"https:\/\/orkestris.riga.lv\/en\/vestis\/news-2016-archive\/","og_locale":"en_US","og_type":"article","og_title":"News | 2016 archive - Or\u0137estris R\u012aGA","og_url":"https:\/\/orkestris.riga.lv\/en\/vestis\/news-2016-archive\/","og_site_name":"Or\u0137estris R\u012aGA","article_publisher":"https:\/\/www.facebook.com\/rigaorchestra","article_modified_time":"2024-09-13T06:49:36+00:00","twitter_card":"summary_large_image","twitter_misc":{"Est. reading time":"4 minutes"},"schema":{"@context":"https:\/\/schema.org","@graph":[{"@type":"WebPage","@id":"https:\/\/orkestris.riga.lv\/en\/vestis\/news-2016-archive\/","url":"https:\/\/orkestris.riga.lv\/en\/vestis\/news-2016-archive\/","name":"News | 2016 archive - Or\u0137estris R\u012aGA","isPartOf":{"@id":"https:\/\/orkestris.riga.lv\/en\/#website"},"datePublished":"2024-09-13T06:49:35+00:00","dateModified":"2024-09-13T06:49:36+00:00","breadcrumb":{"@id":"https:\/\/orkestris.riga.lv\/en\/vestis\/news-2016-archive\/#breadcrumb"},"inLanguage":"en-US","potentialAction":[{"@type":"ReadAction","target":["https:\/\/orkestris.riga.lv\/en\/vestis\/news-2016-archive\/"]}]},{"@type":"BreadcrumbList","@id":"https:\/\/orkestris.riga.lv\/en\/vestis\/news-2016-archive\/#breadcrumb","itemListElement":[{"@type":"ListItem","position":1,"name":"Home","item":"https:\/\/orkestris.riga.lv\/en\/"},{"@type":"ListItem","position":2,"name":"News","item":"https:\/\/orkestris.riga.lv\/en\/vestis\/"},{"@type":"ListItem","position":3,"name":"News | 2016 archive"}]},{"@type":"WebSite","@id":"https:\/\/orkestris.riga.lv\/en\/#website","url":"https:\/\/orkestris.riga.lv\/en\/","name":"Or\u0137estris R\u012aGA","description":"Orchestra RIGA","publisher":{"@id":"https:\/\/orkestris.riga.lv\/en\/#organization"},"potentialAction":[{"@type":"SearchAction","target":{"@type":"EntryPoint","urlTemplate":"https:\/\/orkestris.riga.lv\/en\/?s={search_term_string}"},"query-input":{"@type":"PropertyValueSpecification","valueRequired":true,"valueName":"search_term_string"}}],"inLanguage":"en-US"},{"@type":"Organization","@id":"https:\/\/orkestris.riga.lv\/en\/#organization","name":"Or\u0137estris R\u012aGA","url":"https:\/\/orkestris.riga.lv\/en\/","logo":{"@type":"ImageObject","inLanguage":"en-US","@id":"https:\/\/orkestris.riga.lv\/en\/#\/schema\/logo\/image\/","url":"https:\/\/orkestris.riga.lv\/wp-content\/uploads\/2025\/01\/orkestris_riga_logo.png","contentUrl":"https:\/\/orkestris.riga.lv\/wp-content\/uploads\/2025\/01\/orkestris_riga_logo.png","width":1200,"height":505,"caption":"Or\u0137estris R\u012aGA"},"image":{"@id":"https:\/\/orkestris.riga.lv\/en\/#\/schema\/logo\/image\/"},"sameAs":["https:\/\/www.facebook.com\/rigaorchestra","https:\/\/www.youtube.com\/rigaorchestra","https:\/\/www.instagram.com\/rigaorchestra"]}]}},"_links":{"self":[{"href":"https:\/\/orkestris.riga.lv\/en\/wp-json\/wp\/v2\/pages\/13835","targetHints":{"allow":["GET"]}}],"collection":[{"href":"https:\/\/orkestris.riga.lv\/en\/wp-json\/wp\/v2\/pages"}],"about":[{"href":"https:\/\/orkestris.riga.lv\/en\/wp-json\/wp\/v2\/types\/page"}],"author":[{"embeddable":true,"href":"https:\/\/orkestris.riga.lv\/en\/wp-json\/wp\/v2\/users\/1"}],"replies":[{"embeddable":true,"href":"https:\/\/orkestris.riga.lv\/en\/wp-json\/wp\/v2\/comments?post=13835"}],"version-history":[{"count":2,"href":"https:\/\/orkestris.riga.lv\/en\/wp-json\/wp\/v2\/pages\/13835\/revisions"}],"predecessor-version":[{"id":13837,"href":"https:\/\/orkestris.riga.lv\/en\/wp-json\/wp\/v2\/pages\/13835\/revisions\/13837"}],"up":[{"embeddable":true,"href":"https:\/\/orkestris.riga.lv\/en\/wp-json\/wp\/v2\/pages\/782"}],"wp:attachment":[{"href":"https:\/\/orkestris.riga.lv\/en\/wp-json\/wp\/v2\/media?parent=13835"}],"curies":[{"name":"wp","href":"https:\/\/api.w.org\/{rel}","templated":true}]}}