{"id":784,"date":"2015-09-10T12:04:22","date_gmt":"2015-09-10T12:04:22","guid":{"rendered":"http:\/\/orkestris.riga.lv\/?page_id=784&#038;lang=en"},"modified":"2020-04-14T19:03:08","modified_gmt":"2020-04-14T16:03:08","slug":"orkestris","status":"publish","type":"page","link":"https:\/\/orkestris.riga.lv\/en\/orkestris\/","title":{"rendered":"Orchestra"},"content":{"rendered":"<div id='full_slider_1'  class='avia-fullwidth-slider main_color avia-shadow   avia-builder-el-0  el_before_av_two_third  avia-builder-el-first   container_wrap fullsize'  ><div  class='avia-slideshow av-av_slideshow_full-4f3ef5c0d0c5e5a45e27d5f99336c2be avia-slideshow-featured av_slideshow_full avia-slide-slider av-slideshow-ui av-control-default av-slideshow-manual av-loop-once av-loop-manual-endless av-default-height-applied   avia-slideshow-1' data-slideshow-options=\"{&quot;animation&quot;:&quot;slide&quot;,&quot;autoplay&quot;:false,&quot;loop_autoplay&quot;:&quot;once&quot;,&quot;interval&quot;:5,&quot;loop_manual&quot;:&quot;manual-endless&quot;,&quot;autoplay_stopper&quot;:false,&quot;noNavigation&quot;:false,&quot;bg_slider&quot;:false,&quot;keep_padding&quot;:false,&quot;hoverpause&quot;:false,&quot;show_slide_delay&quot;:0}\"  itemprop=\"image\" itemscope=\"itemscope\" itemtype=\"https:\/\/schema.org\/ImageObject\" ><ul class='avia-slideshow-inner ' style='padding-bottom: 28.666666666667%;'><li  class='avia-slideshow-slide av-av_slideshow_full-4f3ef5c0d0c5e5a45e27d5f99336c2be__0  av-single-slide slide-1 slide-odd'><div data-rel='slideshow-1' class='avia-slide-wrap '   ><img decoding=\"async\" fetchpriority=\"high\" class=\"wp-image-682 avia-img-lazy-loading-not-682\"  src=\"https:\/\/orkestris.riga.lv\/wp-content\/uploads\/2015\/09\/IMG_8019_orkestris1-1500x430.jpg\" width=\"1500\" height=\"430\" title='IMG_8019_orkestris' alt=''  itemprop=\"thumbnailUrl\"   \/><\/div><\/li><\/ul><\/div><\/div><div id='after_full_slider_1'  class='main_color av_default_container_wrap container_wrap fullsize'  ><div class='container av-section-cont-open' ><div class='template-page content  av-content-full alpha units'><div class='post-entry post-entry-type-page post-entry-784'><div class='entry-content-wrapper clearfix'>\n\n<style type=\"text\/css\" data-created_by=\"avia_inline_auto\" id=\"style-css-av-av_two_third-352b07ef7d3bc99b2e9f92e7a9e06bdb\">\n.flex_column.av-av_two_third-352b07ef7d3bc99b2e9f92e7a9e06bdb{\nborder-radius:0px 0px 0px 0px;\npadding:0px 0px 0px 0px;\n}\n<\/style>\n<div  class='flex_column av-av_two_third-352b07ef7d3bc99b2e9f92e7a9e06bdb av_two_third  avia-builder-el-1  el_after_av_slideshow_full  el_before_av_one_third  avia-builder-el-first  first flex_column_div av-zero-column-padding  '     ><p>\n<style type=\"text\/css\" data-created_by=\"avia_inline_auto\" id=\"style-css-av-av_heading-57809479fb7816798c586e114f636bba\">\n#top .av-special-heading.av-av_heading-57809479fb7816798c586e114f636bba{\npadding-bottom:10px;\n}\nbody .av-special-heading.av-av_heading-57809479fb7816798c586e114f636bba .av-special-heading-tag .heading-char{\nfont-size:25px;\n}\n.av-special-heading.av-av_heading-57809479fb7816798c586e114f636bba .av-subheading{\nfont-size:15px;\n}\n<\/style>\n<div  class='av-special-heading av-av_heading-57809479fb7816798c586e114f636bba av-special-heading-h1 blockquote modern-quote  avia-builder-el-2  el_before_av_textblock  avia-builder-el-first '><h1 class='av-special-heading-tag '  itemprop=\"headline\"  >Orchestra<\/h1><div class=\"special-heading-border\"><div class=\"special-heading-inner-border\"><\/div><\/div><\/div><br \/>\n<section  class='av_textblock_section av-k903guai-07a6b6e4687ad994600b20e481cd7f19 '   itemscope=\"itemscope\" itemtype=\"https:\/\/schema.org\/CreativeWork\" ><div class='avia_textblock'  itemprop=\"text\" ><p><strong>The Orchestra <em>RIGA<\/em><\/strong>, the official orchestra of the Riga City Council, was founded in 1972. Orchestra <em>RIGA<\/em> has received the <em>Grand Music Award<\/em> which is the highest form of state recognition in the field of music in Latvia for the outstanding performance throughout the year 2017, as well as the <em>Public Sympathy Award<\/em> in 2016 for the concert Mercury on the Moon and the annual Latvian Television and Latvian Radio <em>Kilograms Kult\u016bras Award<\/em> in 2012 for the concert <em>Music of Inspiration<\/em>.<\/p>\n<p>Since 2010 Orchestra <em>RIGA<\/em> organizes <strong>Spring Festival <em>WINDSTREAM<\/em><\/strong> that is warmly welcomed by the listeners. <strong>The 1<sup>st<\/sup> International Composers\u2019 Competition <em>WINDSTREAM 2014<\/em><\/strong> took place in frames of the Spring Festival <em>WINDSTREAM 2014 <\/em>&#8211; it was an event of the year of Riga as the European Capital of Culture. January of 2017 came with a new festival in Riga\u2019s cultural life \u2013 <strong><em>Three Stars<\/em><\/strong>, happening every November and dedicated to the Centenary of the Republic of Latvia.<\/p>\n<p>Even more often Orchestra <em>RIGA<\/em> is collaborating with young and talented conductors\u00a0 \u2013 Guntis Kuzma, Kaspars \u0100damsons, J\u0101nis Retenais, Andis Klu\u010dnieks, M\u0101rcis Mi\u0137elsons, D\u0101vis Jurka. The number of Latvian composers writing works specifically for the Orchestra <em>RIGA<\/em> is constantly growing, including such names and music works as Rihards Za\u013cupe \u2013 <em>The Palatine Celebration<\/em> (2014), Linda Leimane \u2013 <em>Art Deco<\/em> (2015), \u00a0Jachin Pousson \u00a0\u2013 <em>Leaves Upon the Wind<\/em> (2015), Santa Bu\u0161s \u2013 <em>Thoughts, My Thoughts<\/em> (2015), J\u0113kabs N\u012bmanis \u2013 <em>People of the Future<\/em> (2015), Platons Buravickis \u2013 <em>The Way I Am<\/em> (2015), J\u0113kabs Jan\u010devskis \u2013 <em>The Sea Flows Quietly&#8230;<\/em> with soprano and <em>kokle<\/em> solo, for mixed choir and wind orchestra (2016) &amp; <em>And Against the Song of His People<\/em> (2018), Selga Mence \u2013 <em>In the Winds of the Ages<\/em> for soprano, mezzosoprano, mixed choir and orchestra (2016), Imants Zemzaris \u2013 <em>Arcadia<\/em> (2016), Andris S\u0113j\u0101ns \u2013 <em>Caravan<\/em> (2016), Ilona Bre\u0123e \u2013 <em>Music for the Commemoration of Sculptor K\u0101rlis Z\u0101le<\/em> (2018), Laura Gustovska \u2013 <em>Lielupe. Breakout<\/em> (2019), Santa Ratniece \u2013 <em>Meadows<\/em> (2019), Mat\u012bss \u010cudars \u2013 <em>Riseing<\/em> (2019), Gundega \u0160mite \u2013 <em>Three Delineation in the Forest<\/em> (2019), Krists Auznieks \u2013 Gaismup (2019) and many others.<\/p>\n<p style=\"text-align: justify;\">With the start of the 2015\/2016 season, the artistic director of the Orchestra <em>RIGA<\/em> is <strong>Valdis BUT\u0100NS<\/strong>.<\/p>\n<\/div><\/section><\/p><\/div>\n<style type=\"text\/css\" data-created_by=\"avia_inline_auto\" id=\"style-css-av-av_one_third-2a64de42b738552fe666ca889af77e28\">\n.flex_column.av-av_one_third-2a64de42b738552fe666ca889af77e28{\nborder-radius:0px 0px 0px 0px;\npadding:0px 0px 0px 0px;\n}\n<\/style>\n<div  class='flex_column av-av_one_third-2a64de42b738552fe666ca889af77e28 av_one_third  avia-builder-el-4  el_after_av_two_third  avia-builder-el-last  flex_column_div av-zero-column-padding  '     ><p>\n<style type=\"text\/css\" data-created_by=\"avia_inline_auto\" id=\"style-css-av-av_image-9b40f86aadd85f71b3b38542eec559ca\">\n.avia-image-container.av-av_image-9b40f86aadd85f71b3b38542eec559ca img.avia_image{\nbox-shadow:none;\n}\n.avia-image-container.av-av_image-9b40f86aadd85f71b3b38542eec559ca .av-image-caption-overlay-center{\ncolor:#ffffff;\n}\n<\/style>\n<div  class='avia-image-container av-av_image-9b40f86aadd85f71b3b38542eec559ca av-styling- av-img-linked avia-align-center  avia-builder-el-5  el_before_av_textblock  avia-builder-el-first '   itemprop=\"image\" itemscope=\"itemscope\" itemtype=\"https:\/\/schema.org\/ImageObject\" ><div class=\"avia-image-container-inner\"><div class=\"avia-image-overlay-wrap\"><a href=\"https:\/\/orkestris.riga.lv\/en\/orkestris\/makslinieciskais-vaditajs\/\" class='avia_image '  aria-label='Valdis But\u0101ns'><img decoding=\"async\" fetchpriority=\"high\" class='wp-image-656 avia-img-lazy-loading-not-656 avia_image ' src=\"https:\/\/orkestris.riga.lv\/wp-content\/uploads\/2015\/09\/Valdis_Butans_sq1-300x300.jpg\" alt='' title='Valdis But\u0101ns'  height=\"300\" width=\"300\"  itemprop=\"thumbnailUrl\" srcset=\"https:\/\/orkestris.riga.lv\/wp-content\/uploads\/2015\/09\/Valdis_Butans_sq1-300x300.jpg 300w, https:\/\/orkestris.riga.lv\/wp-content\/uploads\/2015\/09\/Valdis_Butans_sq1-80x80.jpg 80w, https:\/\/orkestris.riga.lv\/wp-content\/uploads\/2015\/09\/Valdis_Butans_sq1-1030x1030.jpg 1030w, https:\/\/orkestris.riga.lv\/wp-content\/uploads\/2015\/09\/Valdis_Butans_sq1-36x36.jpg 36w, https:\/\/orkestris.riga.lv\/wp-content\/uploads\/2015\/09\/Valdis_Butans_sq1-180x180.jpg 180w, https:\/\/orkestris.riga.lv\/wp-content\/uploads\/2015\/09\/Valdis_Butans_sq1-705x705.jpg 705w, https:\/\/orkestris.riga.lv\/wp-content\/uploads\/2015\/09\/Valdis_Butans_sq1-120x120.jpg 120w, https:\/\/orkestris.riga.lv\/wp-content\/uploads\/2015\/09\/Valdis_Butans_sq1-450x450.jpg 450w, https:\/\/orkestris.riga.lv\/wp-content\/uploads\/2015\/09\/Valdis_Butans_sq1.jpg 1500w\" sizes=\"(max-width: 300px) 100vw, 300px\" \/><\/a><\/div><\/div><\/div><br \/>\n<section  class='av_textblock_section av-av_textblock-0366cc7376be6c9e82a3e9cc8987b64f '   itemscope=\"itemscope\" itemtype=\"https:\/\/schema.org\/CreativeWork\" ><div class='avia_textblock'  itemprop=\"text\" ><p><a href=\"http:\/\/orkestris.riga.lv\/?page_id=849&amp;lang=en\">Chief Conductor and Artistic Director &#8211; Valdis But\u0101ns<\/a><\/p>\n<\/div><\/section><br \/>\n\n<style type=\"text\/css\" data-created_by=\"avia_inline_auto\" id=\"style-css-av-av_image-2b623db102e029feef4635e5af1f29d6\">\n.avia-image-container.av-av_image-2b623db102e029feef4635e5af1f29d6 img.avia_image{\nbox-shadow:none;\n}\n.avia-image-container.av-av_image-2b623db102e029feef4635e5af1f29d6 .av-image-caption-overlay-center{\ncolor:#ffffff;\n}\n<\/style>\n<div  class='avia-image-container av-av_image-2b623db102e029feef4635e5af1f29d6 av-styling- av-img-linked avia-align-center  avia-builder-el-7  el_after_av_textblock  el_before_av_textblock '   itemprop=\"image\" itemscope=\"itemscope\" itemtype=\"https:\/\/schema.org\/ImageObject\" ><div class=\"avia-image-container-inner\"><div class=\"avia-image-overlay-wrap\"><a href=\"https:\/\/orkestris.riga.lv\/en\/orkestris\/orkestra-muziki\/\" class='avia_image '  aria-label='_MG_5040_02 gatavs'><img decoding=\"async\" fetchpriority=\"high\" class='wp-image-684 avia-img-lazy-loading-not-684 avia_image ' src=\"https:\/\/orkestris.riga.lv\/wp-content\/uploads\/2015\/09\/MG_5040_02-gatavs-300x190.jpg\" alt='' title='_MG_5040_02 gatavs'  height=\"190\" width=\"300\"  itemprop=\"thumbnailUrl\" srcset=\"https:\/\/orkestris.riga.lv\/wp-content\/uploads\/2015\/09\/MG_5040_02-gatavs-300x190.jpg 300w, https:\/\/orkestris.riga.lv\/wp-content\/uploads\/2015\/09\/MG_5040_02-gatavs-1030x652.jpg 1030w, https:\/\/orkestris.riga.lv\/wp-content\/uploads\/2015\/09\/MG_5040_02-gatavs.jpg 1500w, https:\/\/orkestris.riga.lv\/wp-content\/uploads\/2015\/09\/MG_5040_02-gatavs-705x446.jpg 705w, https:\/\/orkestris.riga.lv\/wp-content\/uploads\/2015\/09\/MG_5040_02-gatavs-450x285.jpg 450w\" sizes=\"(max-width: 300px) 100vw, 300px\" \/><\/a><\/div><\/div><\/div><br \/>\n<section  class='av_textblock_section av-av_textblock-0366cc7376be6c9e82a3e9cc8987b64f '   itemscope=\"itemscope\" itemtype=\"https:\/\/schema.org\/CreativeWork\" ><div class='avia_textblock'  itemprop=\"text\" ><p><a href=\"http:\/\/orkestris.riga.lv\/?page_id=852&amp;lang=en\">Musicians<\/a><\/p>\n<\/div><\/section><\/p><\/div><\/p>\n","protected":false},"excerpt":{"rendered":"","protected":false},"author":1,"featured_media":0,"parent":0,"menu_order":3,"comment_status":"closed","ping_status":"closed","template":"","meta":{"footnotes":""},"class_list":["post-784","page","type-page","status-publish","hentry"],"yoast_head":"<!-- This site is optimized with the Yoast SEO plugin v27.3 - https:\/\/yoast.com\/product\/yoast-seo-wordpress\/ -->\n<title>Orchestra - Or\u0137estris R\u012aGA<\/title>\n<meta name=\"robots\" content=\"index, follow, max-snippet:-1, max-image-preview:large, max-video-preview:-1\" \/>\n<link rel=\"canonical\" href=\"https:\/\/orkestris.riga.lv\/en\/orkestris\/\" \/>\n<meta property=\"og:locale\" content=\"en_US\" \/>\n<meta property=\"og:type\" content=\"article\" \/>\n<meta property=\"og:title\" content=\"Orchestra - Or\u0137estris R\u012aGA\" \/>\n<meta property=\"og:url\" content=\"https:\/\/orkestris.riga.lv\/en\/orkestris\/\" \/>\n<meta property=\"og:site_name\" content=\"Or\u0137estris R\u012aGA\" \/>\n<meta property=\"article:publisher\" content=\"https:\/\/www.facebook.com\/rigaorchestra\" \/>\n<meta property=\"article:modified_time\" content=\"2020-04-14T16:03:08+00:00\" \/>\n<meta name=\"twitter:card\" content=\"summary_large_image\" \/>\n<meta name=\"twitter:label1\" content=\"Est. reading time\" \/>\n\t<meta name=\"twitter:data1\" content=\"4 minutes\" \/>\n<script type=\"application\/ld+json\" class=\"yoast-schema-graph\">{\"@context\":\"https:\\\/\\\/schema.org\",\"@graph\":[{\"@type\":\"WebPage\",\"@id\":\"https:\\\/\\\/orkestris.riga.lv\\\/en\\\/orkestris\\\/\",\"url\":\"https:\\\/\\\/orkestris.riga.lv\\\/en\\\/orkestris\\\/\",\"name\":\"Orchestra - Or\u0137estris R\u012aGA\",\"isPartOf\":{\"@id\":\"https:\\\/\\\/orkestris.riga.lv\\\/en\\\/#website\"},\"datePublished\":\"2015-09-10T12:04:22+00:00\",\"dateModified\":\"2020-04-14T16:03:08+00:00\",\"breadcrumb\":{\"@id\":\"https:\\\/\\\/orkestris.riga.lv\\\/en\\\/orkestris\\\/#breadcrumb\"},\"inLanguage\":\"en-US\",\"potentialAction\":[{\"@type\":\"ReadAction\",\"target\":[\"https:\\\/\\\/orkestris.riga.lv\\\/en\\\/orkestris\\\/\"]}]},{\"@type\":\"BreadcrumbList\",\"@id\":\"https:\\\/\\\/orkestris.riga.lv\\\/en\\\/orkestris\\\/#breadcrumb\",\"itemListElement\":[{\"@type\":\"ListItem\",\"position\":1,\"name\":\"Home\",\"item\":\"https:\\\/\\\/orkestris.riga.lv\\\/en\\\/\"},{\"@type\":\"ListItem\",\"position\":2,\"name\":\"Orchestra\"}]},{\"@type\":\"WebSite\",\"@id\":\"https:\\\/\\\/orkestris.riga.lv\\\/en\\\/#website\",\"url\":\"https:\\\/\\\/orkestris.riga.lv\\\/en\\\/\",\"name\":\"Or\u0137estris R\u012aGA\",\"description\":\"Orchestra RIGA\",\"publisher\":{\"@id\":\"https:\\\/\\\/orkestris.riga.lv\\\/en\\\/#organization\"},\"potentialAction\":[{\"@type\":\"SearchAction\",\"target\":{\"@type\":\"EntryPoint\",\"urlTemplate\":\"https:\\\/\\\/orkestris.riga.lv\\\/en\\\/?s={search_term_string}\"},\"query-input\":{\"@type\":\"PropertyValueSpecification\",\"valueRequired\":true,\"valueName\":\"search_term_string\"}}],\"inLanguage\":\"en-US\"},{\"@type\":\"Organization\",\"@id\":\"https:\\\/\\\/orkestris.riga.lv\\\/en\\\/#organization\",\"name\":\"Or\u0137estris R\u012aGA\",\"url\":\"https:\\\/\\\/orkestris.riga.lv\\\/en\\\/\",\"logo\":{\"@type\":\"ImageObject\",\"inLanguage\":\"en-US\",\"@id\":\"https:\\\/\\\/orkestris.riga.lv\\\/en\\\/#\\\/schema\\\/logo\\\/image\\\/\",\"url\":\"https:\\\/\\\/orkestris.riga.lv\\\/wp-content\\\/uploads\\\/2025\\\/01\\\/orkestris_riga_logo.png\",\"contentUrl\":\"https:\\\/\\\/orkestris.riga.lv\\\/wp-content\\\/uploads\\\/2025\\\/01\\\/orkestris_riga_logo.png\",\"width\":1200,\"height\":505,\"caption\":\"Or\u0137estris R\u012aGA\"},\"image\":{\"@id\":\"https:\\\/\\\/orkestris.riga.lv\\\/en\\\/#\\\/schema\\\/logo\\\/image\\\/\"},\"sameAs\":[\"https:\\\/\\\/www.facebook.com\\\/rigaorchestra\",\"https:\\\/\\\/www.youtube.com\\\/rigaorchestra\",\"https:\\\/\\\/www.instagram.com\\\/rigaorchestra\"]}]}<\/script>\n<!-- \/ Yoast SEO plugin. -->","yoast_head_json":{"title":"Orchestra - Or\u0137estris R\u012aGA","robots":{"index":"index","follow":"follow","max-snippet":"max-snippet:-1","max-image-preview":"max-image-preview:large","max-video-preview":"max-video-preview:-1"},"canonical":"https:\/\/orkestris.riga.lv\/en\/orkestris\/","og_locale":"en_US","og_type":"article","og_title":"Orchestra - Or\u0137estris R\u012aGA","og_url":"https:\/\/orkestris.riga.lv\/en\/orkestris\/","og_site_name":"Or\u0137estris R\u012aGA","article_publisher":"https:\/\/www.facebook.com\/rigaorchestra","article_modified_time":"2020-04-14T16:03:08+00:00","twitter_card":"summary_large_image","twitter_misc":{"Est. reading time":"4 minutes"},"schema":{"@context":"https:\/\/schema.org","@graph":[{"@type":"WebPage","@id":"https:\/\/orkestris.riga.lv\/en\/orkestris\/","url":"https:\/\/orkestris.riga.lv\/en\/orkestris\/","name":"Orchestra - Or\u0137estris R\u012aGA","isPartOf":{"@id":"https:\/\/orkestris.riga.lv\/en\/#website"},"datePublished":"2015-09-10T12:04:22+00:00","dateModified":"2020-04-14T16:03:08+00:00","breadcrumb":{"@id":"https:\/\/orkestris.riga.lv\/en\/orkestris\/#breadcrumb"},"inLanguage":"en-US","potentialAction":[{"@type":"ReadAction","target":["https:\/\/orkestris.riga.lv\/en\/orkestris\/"]}]},{"@type":"BreadcrumbList","@id":"https:\/\/orkestris.riga.lv\/en\/orkestris\/#breadcrumb","itemListElement":[{"@type":"ListItem","position":1,"name":"Home","item":"https:\/\/orkestris.riga.lv\/en\/"},{"@type":"ListItem","position":2,"name":"Orchestra"}]},{"@type":"WebSite","@id":"https:\/\/orkestris.riga.lv\/en\/#website","url":"https:\/\/orkestris.riga.lv\/en\/","name":"Or\u0137estris R\u012aGA","description":"Orchestra RIGA","publisher":{"@id":"https:\/\/orkestris.riga.lv\/en\/#organization"},"potentialAction":[{"@type":"SearchAction","target":{"@type":"EntryPoint","urlTemplate":"https:\/\/orkestris.riga.lv\/en\/?s={search_term_string}"},"query-input":{"@type":"PropertyValueSpecification","valueRequired":true,"valueName":"search_term_string"}}],"inLanguage":"en-US"},{"@type":"Organization","@id":"https:\/\/orkestris.riga.lv\/en\/#organization","name":"Or\u0137estris R\u012aGA","url":"https:\/\/orkestris.riga.lv\/en\/","logo":{"@type":"ImageObject","inLanguage":"en-US","@id":"https:\/\/orkestris.riga.lv\/en\/#\/schema\/logo\/image\/","url":"https:\/\/orkestris.riga.lv\/wp-content\/uploads\/2025\/01\/orkestris_riga_logo.png","contentUrl":"https:\/\/orkestris.riga.lv\/wp-content\/uploads\/2025\/01\/orkestris_riga_logo.png","width":1200,"height":505,"caption":"Or\u0137estris R\u012aGA"},"image":{"@id":"https:\/\/orkestris.riga.lv\/en\/#\/schema\/logo\/image\/"},"sameAs":["https:\/\/www.facebook.com\/rigaorchestra","https:\/\/www.youtube.com\/rigaorchestra","https:\/\/www.instagram.com\/rigaorchestra"]}]}},"_links":{"self":[{"href":"https:\/\/orkestris.riga.lv\/en\/wp-json\/wp\/v2\/pages\/784","targetHints":{"allow":["GET"]}}],"collection":[{"href":"https:\/\/orkestris.riga.lv\/en\/wp-json\/wp\/v2\/pages"}],"about":[{"href":"https:\/\/orkestris.riga.lv\/en\/wp-json\/wp\/v2\/types\/page"}],"author":[{"embeddable":true,"href":"https:\/\/orkestris.riga.lv\/en\/wp-json\/wp\/v2\/users\/1"}],"replies":[{"embeddable":true,"href":"https:\/\/orkestris.riga.lv\/en\/wp-json\/wp\/v2\/comments?post=784"}],"version-history":[{"count":5,"href":"https:\/\/orkestris.riga.lv\/en\/wp-json\/wp\/v2\/pages\/784\/revisions"}],"predecessor-version":[{"id":13162,"href":"https:\/\/orkestris.riga.lv\/en\/wp-json\/wp\/v2\/pages\/784\/revisions\/13162"}],"wp:attachment":[{"href":"https:\/\/orkestris.riga.lv\/en\/wp-json\/wp\/v2\/media?parent=784"}],"curies":[{"name":"wp","href":"https:\/\/api.w.org\/{rel}","templated":true}]}}