{"id":786,"date":"2015-09-10T12:04:54","date_gmt":"2015-09-10T12:04:54","guid":{"rendered":"http:\/\/orkestris.riga.lv\/?page_id=786&#038;lang=en"},"modified":"2025-01-22T16:31:59","modified_gmt":"2025-01-22T14:31:59","slug":"festivali","status":"publish","type":"page","link":"https:\/\/orkestris.riga.lv\/en\/festivali\/","title":{"rendered":"Festivals"},"content":{"rendered":"<div id='av_section_1'  class='avia-section av-9qwi0-0f3b6a252622ecf6ad6f17ec80b27e85 main_color avia-section-default avia-no-shadow  avia-builder-el-0  avia-builder-el-no-sibling  avia-bg-style-scroll container_wrap fullsize'  ><div class='container av-section-cont-open' ><main  role=\"main\" itemprop=\"mainContentOfPage\"  class='template-page content  av-content-full alpha units'><div class='post-entry post-entry-type-page post-entry-786'><div class='entry-content-wrapper clearfix'>\n\n<style type=\"text\/css\" data-created_by=\"avia_inline_auto\" id=\"style-css-av-2piz0-61de662fbf4482cc57ab327f0c60a731\">\n#top .av-special-heading.av-2piz0-61de662fbf4482cc57ab327f0c60a731{\npadding-bottom:10px;\n}\nbody .av-special-heading.av-2piz0-61de662fbf4482cc57ab327f0c60a731 .av-special-heading-tag .heading-char{\nfont-size:25px;\n}\n.av-special-heading.av-2piz0-61de662fbf4482cc57ab327f0c60a731 .av-subheading{\nfont-size:15px;\n}\n<\/style>\n<div  class='av-special-heading av-2piz0-61de662fbf4482cc57ab327f0c60a731 av-special-heading-h1 blockquote modern-quote  avia-builder-el-1  el_before_av_hr  avia-builder-el-first '><h1 class='av-special-heading-tag '  itemprop=\"headline\"  >Festiv\u0101li<\/h1><div class=\"special-heading-border\"><div class=\"special-heading-inner-border\"><\/div><\/div><\/div>\n<div  class='hr av-8fibs-a5ba5f9ad07503c516ba96bcdbd63068 hr-default  avia-builder-el-2  el_after_av_heading  el_before_av_one_half '><span class='hr-inner '><span class=\"hr-inner-style\"><\/span><\/span><\/div>\n\n<style type=\"text\/css\" data-created_by=\"avia_inline_auto\" id=\"style-css-av-832pw-6e2e75c2bfd2578580b35524cc823ba3\">\n.flex_column.av-832pw-6e2e75c2bfd2578580b35524cc823ba3{\nborder-radius:0px 0px 0px 0px;\npadding:0px 0px 0px 0px;\n}\n<\/style>\n<div  class='flex_column av-832pw-6e2e75c2bfd2578580b35524cc823ba3 av_one_half  avia-builder-el-3  el_after_av_hr  el_before_av_one_half  first flex_column_div av-zero-column-padding  '     ><p>\n<style type=\"text\/css\" data-created_by=\"avia_inline_auto\" id=\"style-css-av-299pk-01dcfdf488e461c7fcbb501de7e7f6f7\">\n#top .av-special-heading.av-299pk-01dcfdf488e461c7fcbb501de7e7f6f7{\npadding-bottom:10px;\n}\nbody .av-special-heading.av-299pk-01dcfdf488e461c7fcbb501de7e7f6f7 .av-special-heading-tag .heading-char{\nfont-size:25px;\n}\n.av-special-heading.av-299pk-01dcfdf488e461c7fcbb501de7e7f6f7 .av-subheading{\nfont-size:15px;\n}\n<\/style>\n<div  class='av-special-heading av-299pk-01dcfdf488e461c7fcbb501de7e7f6f7 av-special-heading-h2 blockquote modern-quote  avia-builder-el-4  el_before_av_image  avia-builder-el-first '><h2 class='av-special-heading-tag '  itemprop=\"headline\"  >PAVASARA FESTIV\u0100LS <em>WINDSTREAM<\/em><\/h2><div class=\"special-heading-border\"><div class=\"special-heading-inner-border\"><\/div><\/div><\/div><br \/>\n\n<style type=\"text\/css\" data-created_by=\"avia_inline_auto\" id=\"style-css-av-6sf8s-447f4c155e328d63e9c5f6583bb0bb06\">\n.avia-image-container.av-6sf8s-447f4c155e328d63e9c5f6583bb0bb06 img.avia_image{\nbox-shadow:none;\n}\n.avia-image-container.av-6sf8s-447f4c155e328d63e9c5f6583bb0bb06 .av-image-caption-overlay-center{\ncolor:#ffffff;\n}\n<\/style>\n<div  class='avia-image-container av-6sf8s-447f4c155e328d63e9c5f6583bb0bb06 av-styling- avia-align-left  avia-builder-el-5  el_after_av_heading  el_before_av_textblock '   itemprop=\"image\" itemscope=\"itemscope\" itemtype=\"https:\/\/schema.org\/ImageObject\" ><div class=\"avia-image-container-inner\"><div class=\"avia-image-overlay-wrap\"><img decoding=\"async\" fetchpriority=\"high\" class='wp-image-662 avia-img-lazy-loading-not-662 avia_image ' src=\"https:\/\/orkestris.riga.lv\/wp-content\/uploads\/2015\/09\/Screen-Shot-2015-09-14-at-12.45.061-300x131.png\" alt='' title='Festiv\u0101ls Windstream'  height=\"131\" width=\"300\"  itemprop=\"thumbnailUrl\" srcset=\"https:\/\/orkestris.riga.lv\/wp-content\/uploads\/2015\/09\/Screen-Shot-2015-09-14-at-12.45.061-300x131.png 300w, https:\/\/orkestris.riga.lv\/wp-content\/uploads\/2015\/09\/Screen-Shot-2015-09-14-at-12.45.061-450x197.png 450w, https:\/\/orkestris.riga.lv\/wp-content\/uploads\/2015\/09\/Screen-Shot-2015-09-14-at-12.45.061.png 460w\" sizes=\"(max-width: 300px) 100vw, 300px\" \/><\/div><\/div><\/div><br \/>\n<section  class='av_textblock_section av-kbjgz91g-1b2992b97cb4e8a234e2009567b0d55e '   itemscope=\"itemscope\" itemtype=\"https:\/\/schema.org\/CreativeWork\" ><div class='avia_textblock'  itemprop=\"text\" ><p style=\"text-align: justify;\">Pavasara festiv\u0101ls\u00a0<em>WINDSTREAM<\/em> s\u0101kas dien\u0101, kad R\u012bg\u0101 iest\u0101jas astronomiskais pavasaris. Koncertos tiek pied\u0101v\u0101ti gan akad\u0113miski, gan neakad\u0113miski \u0101rzemju un latvie\u0161u komponistu ska\u0146darbi Or\u0137estra \u201eR\u012bga\u201d izpild\u012bjum\u0101, pieaicinot izcilus solistus no Latvijas un \u0101rvalst\u012bm. 2025. gad\u0101 festiv\u0101ls norisin\u0101sies jau 15. reizi.<\/p>\n<\/div><\/section><br \/>\n<div  class='avia-button-wrap av-5werw-fd6db9c7c7ebe8413c13c0be945153e1-wrap avia-button-left  avia-builder-el-7  el_after_av_textblock  avia-builder-el-last '><a href='https:\/\/orkestris.riga.lv\/en\/festivali\/windstream\/'  class='avia-button av-5werw-fd6db9c7c7ebe8413c13c0be945153e1 av-link-btn avia-icon_select-no avia-size-small avia-position-left avia-color-theme-color'   aria-label=\"Vair\u0101k par festiv\u0101lu\"><span class='avia_iconbox_title' >Vair\u0101k par festiv\u0101lu<\/span><\/a><\/div><\/p><\/div>\n<style type=\"text\/css\" data-created_by=\"avia_inline_auto\" id=\"style-css-av-4toy4-b4b85cbd2c3d4eb0ca73f4262a6001d7\">\n.flex_column.av-4toy4-b4b85cbd2c3d4eb0ca73f4262a6001d7{\nborder-radius:0px 0px 0px 0px;\npadding:0px 0px 0px 0px;\n}\n<\/style>\n<div  class='flex_column av-4toy4-b4b85cbd2c3d4eb0ca73f4262a6001d7 av_one_half  avia-builder-el-8  el_after_av_one_half  el_before_av_hr  flex_column_div av-zero-column-padding  '     ><p>\n<style type=\"text\/css\" data-created_by=\"avia_inline_auto\" id=\"style-css-av-1iqm8-95e39cf5166a0ebe30e55e0e969ca66c\">\n#top .av-special-heading.av-1iqm8-95e39cf5166a0ebe30e55e0e969ca66c{\npadding-bottom:10px;\n}\nbody .av-special-heading.av-1iqm8-95e39cf5166a0ebe30e55e0e969ca66c .av-special-heading-tag .heading-char{\nfont-size:25px;\n}\n.av-special-heading.av-1iqm8-95e39cf5166a0ebe30e55e0e969ca66c .av-subheading{\nfont-size:27px;\n}\n<\/style>\n<div  class='av-special-heading av-1iqm8-95e39cf5166a0ebe30e55e0e969ca66c av-special-heading-h2 blockquote modern-quote modern-centered  avia-builder-el-9  el_before_av_image  avia-builder-el-first '><div class='av-subheading av-subheading_above'><p>Latvijas valsts simtgadei velt\u012bts festiv\u0101ls<\/p>\n<\/div><h2 class='av-special-heading-tag '  itemprop=\"headline\"  ><em>TR\u012aS ZVAIGZNES<\/em><\/h2><div class=\"special-heading-border\"><div class=\"special-heading-inner-border\"><\/div><\/div><\/div><br \/>\n\n<style type=\"text\/css\" data-created_by=\"avia_inline_auto\" id=\"style-css-av-3xgrg-ff0665eedfc342961aca68efbb474d60\">\n.avia-image-container.av-3xgrg-ff0665eedfc342961aca68efbb474d60 img.avia_image{\nbox-shadow:none;\n}\n.avia-image-container.av-3xgrg-ff0665eedfc342961aca68efbb474d60 .av-image-caption-overlay-center{\ncolor:#ffffff;\n}\n<\/style>\n<div  class='avia-image-container av-3xgrg-ff0665eedfc342961aca68efbb474d60 av-styling- avia-align-left  avia-builder-el-10  el_after_av_heading  el_before_av_textblock '   itemprop=\"image\" itemscope=\"itemscope\" itemtype=\"https:\/\/schema.org\/ImageObject\" ><div class=\"avia-image-container-inner\"><div class=\"avia-image-overlay-wrap\"><img decoding=\"async\" fetchpriority=\"high\" class='wp-image-3001 avia-img-lazy-loading-not-3001 avia_image ' src=\"https:\/\/orkestris.riga.lv\/wp-content\/uploads\/2017\/01\/SkrejlapaA5iz1-page-0015-300x120.jpg\" alt='' title='SkrejlapaA5iz1-page-001'  height=\"120\" width=\"300\"  itemprop=\"thumbnailUrl\" srcset=\"https:\/\/orkestris.riga.lv\/wp-content\/uploads\/2017\/01\/SkrejlapaA5iz1-page-0015-300x120.jpg 300w, https:\/\/orkestris.riga.lv\/wp-content\/uploads\/2017\/01\/SkrejlapaA5iz1-page-0015-705x283.jpg 705w, https:\/\/orkestris.riga.lv\/wp-content\/uploads\/2017\/01\/SkrejlapaA5iz1-page-0015-450x181.jpg 450w, https:\/\/orkestris.riga.lv\/wp-content\/uploads\/2017\/01\/SkrejlapaA5iz1-page-0015.jpg 929w\" sizes=\"(max-width: 300px) 100vw, 300px\" \/><\/div><\/div><\/div><br \/>\n<section  class='av_textblock_section av-31t6g-f806c03b128ef381a711ddc02941aecf '   itemscope=\"itemscope\" itemtype=\"https:\/\/schema.org\/CreativeWork\" ><div class='avia_textblock'  itemprop=\"text\" ><p style=\"text-align: justify;\">Tr\u012bs gadu period\u0101 &#8211; no 2017. gada l\u012bdz 2019. gadam &#8211; novembr\u012b notiks Latvijas m\u016bzikai, m\u0101kslai un literat\u016brai velt\u012bts festiv\u0101ls \u201cTr\u012bs zvaigznes\u201d. T\u0101 ietvaros katru gadu paredz\u0113tas tr\u012bs koncertprogrammas, kur\u0101s Or\u0137estris \u201cR\u012bga\u201d m\u016bziku saist\u012bs ar noz\u012bm\u012bgiem notikumiem Latvijas kult\u016bras v\u0113stur\u0113, m\u0101ksl\u0101 un literat\u016br\u0101, k\u0101 ar\u012b rosin\u0101s autorus rad\u012bt jaunus ska\u0146darbus. Festiv\u0101la moto ir: \u201c<em>Tr\u012bs zvaigznes debes\u012bs mums mirdz<\/em>!\u201d<\/p>\n<\/div><\/section><br \/>\n<div  class='avia-button-wrap av-2o6z8-8de79d3f3b3f5548fdc8ce79c71dc33c-wrap avia-button-left  avia-builder-el-12  el_after_av_textblock  avia-builder-el-last '><a href='http:\/\/orkestris.riga.lv\/?page_id=2983'  class='avia-button av-2o6z8-8de79d3f3b3f5548fdc8ce79c71dc33c av-link-btn avia-icon_select-no avia-size-small avia-position-left avia-color-theme-color'   aria-label=\"Vair\u0101k par festiv\u0101lu\"><span class='avia_iconbox_title' >Vair\u0101k par festiv\u0101lu<\/span><\/a><\/div><\/p><\/div><div  class='hr av-2b0fw-3b5141f203b1aaabfdfa6c79f76bda94 hr-default  avia-builder-el-13  el_after_av_one_half  el_before_av_heading '><span class='hr-inner '><span class=\"hr-inner-style\"><\/span><\/span><\/div>\n\n<style type=\"text\/css\" data-created_by=\"avia_inline_auto\" id=\"style-css-av-w440-04c45602b5b59d08d59a089bb9fdcb6c\">\n#top .av-special-heading.av-w440-04c45602b5b59d08d59a089bb9fdcb6c{\npadding-bottom:10px;\n}\nbody .av-special-heading.av-w440-04c45602b5b59d08d59a089bb9fdcb6c .av-special-heading-tag .heading-char{\nfont-size:25px;\n}\n.av-special-heading.av-w440-04c45602b5b59d08d59a089bb9fdcb6c .av-subheading{\nfont-size:15px;\n}\n<\/style>\n<div  class='av-special-heading av-w440-04c45602b5b59d08d59a089bb9fdcb6c av-special-heading-h1 blockquote modern-quote  avia-builder-el-14  el_after_av_hr  el_before_av_codeblock '><h1 class='av-special-heading-tag '  itemprop=\"headline\"  >Festiv\u0101lu koncerti<\/h1><div class=\"special-heading-border\"><div class=\"special-heading-inner-border\"><\/div><\/div><\/div>\n\n\n","protected":false},"excerpt":{"rendered":"","protected":false},"author":1,"featured_media":0,"parent":0,"menu_order":0,"comment_status":"closed","ping_status":"closed","template":"","meta":{"footnotes":""},"class_list":["post-786","page","type-page","status-publish","hentry"],"yoast_head":"<!-- This site is optimized with the Yoast SEO plugin v27.3 - https:\/\/yoast.com\/product\/yoast-seo-wordpress\/ -->\n<title>Festivals - Or\u0137estris R\u012aGA<\/title>\n<meta name=\"robots\" content=\"index, follow, max-snippet:-1, max-image-preview:large, max-video-preview:-1\" \/>\n<link rel=\"canonical\" href=\"https:\/\/orkestris.riga.lv\/en\/festivali\/\" \/>\n<meta property=\"og:locale\" content=\"en_US\" \/>\n<meta property=\"og:type\" content=\"article\" \/>\n<meta property=\"og:title\" content=\"Festivals - Or\u0137estris R\u012aGA\" \/>\n<meta property=\"og:url\" content=\"https:\/\/orkestris.riga.lv\/en\/festivali\/\" \/>\n<meta property=\"og:site_name\" content=\"Or\u0137estris R\u012aGA\" \/>\n<meta property=\"article:publisher\" content=\"https:\/\/www.facebook.com\/rigaorchestra\" \/>\n<meta property=\"article:modified_time\" content=\"2025-01-22T14:31:59+00:00\" \/>\n<meta name=\"twitter:card\" content=\"summary_large_image\" \/>\n<meta name=\"twitter:label1\" content=\"Est. reading time\" \/>\n\t<meta name=\"twitter:data1\" content=\"7 minutes\" \/>\n<script type=\"application\/ld+json\" class=\"yoast-schema-graph\">{\"@context\":\"https:\\\/\\\/schema.org\",\"@graph\":[{\"@type\":\"WebPage\",\"@id\":\"https:\\\/\\\/orkestris.riga.lv\\\/en\\\/festivali\\\/\",\"url\":\"https:\\\/\\\/orkestris.riga.lv\\\/en\\\/festivali\\\/\",\"name\":\"Festivals - Or\u0137estris R\u012aGA\",\"isPartOf\":{\"@id\":\"https:\\\/\\\/orkestris.riga.lv\\\/en\\\/#website\"},\"datePublished\":\"2015-09-10T12:04:54+00:00\",\"dateModified\":\"2025-01-22T14:31:59+00:00\",\"breadcrumb\":{\"@id\":\"https:\\\/\\\/orkestris.riga.lv\\\/en\\\/festivali\\\/#breadcrumb\"},\"inLanguage\":\"en-US\",\"potentialAction\":[{\"@type\":\"ReadAction\",\"target\":[\"https:\\\/\\\/orkestris.riga.lv\\\/en\\\/festivali\\\/\"]}]},{\"@type\":\"BreadcrumbList\",\"@id\":\"https:\\\/\\\/orkestris.riga.lv\\\/en\\\/festivali\\\/#breadcrumb\",\"itemListElement\":[{\"@type\":\"ListItem\",\"position\":1,\"name\":\"Home\",\"item\":\"https:\\\/\\\/orkestris.riga.lv\\\/en\\\/\"},{\"@type\":\"ListItem\",\"position\":2,\"name\":\"Festivals\"}]},{\"@type\":\"WebSite\",\"@id\":\"https:\\\/\\\/orkestris.riga.lv\\\/en\\\/#website\",\"url\":\"https:\\\/\\\/orkestris.riga.lv\\\/en\\\/\",\"name\":\"Or\u0137estris R\u012aGA\",\"description\":\"Orchestra RIGA\",\"publisher\":{\"@id\":\"https:\\\/\\\/orkestris.riga.lv\\\/en\\\/#organization\"},\"potentialAction\":[{\"@type\":\"SearchAction\",\"target\":{\"@type\":\"EntryPoint\",\"urlTemplate\":\"https:\\\/\\\/orkestris.riga.lv\\\/en\\\/?s={search_term_string}\"},\"query-input\":{\"@type\":\"PropertyValueSpecification\",\"valueRequired\":true,\"valueName\":\"search_term_string\"}}],\"inLanguage\":\"en-US\"},{\"@type\":\"Organization\",\"@id\":\"https:\\\/\\\/orkestris.riga.lv\\\/en\\\/#organization\",\"name\":\"Or\u0137estris R\u012aGA\",\"url\":\"https:\\\/\\\/orkestris.riga.lv\\\/en\\\/\",\"logo\":{\"@type\":\"ImageObject\",\"inLanguage\":\"en-US\",\"@id\":\"https:\\\/\\\/orkestris.riga.lv\\\/en\\\/#\\\/schema\\\/logo\\\/image\\\/\",\"url\":\"https:\\\/\\\/orkestris.riga.lv\\\/wp-content\\\/uploads\\\/2025\\\/01\\\/orkestris_riga_logo.png\",\"contentUrl\":\"https:\\\/\\\/orkestris.riga.lv\\\/wp-content\\\/uploads\\\/2025\\\/01\\\/orkestris_riga_logo.png\",\"width\":1200,\"height\":505,\"caption\":\"Or\u0137estris R\u012aGA\"},\"image\":{\"@id\":\"https:\\\/\\\/orkestris.riga.lv\\\/en\\\/#\\\/schema\\\/logo\\\/image\\\/\"},\"sameAs\":[\"https:\\\/\\\/www.facebook.com\\\/rigaorchestra\",\"https:\\\/\\\/www.youtube.com\\\/rigaorchestra\",\"https:\\\/\\\/www.instagram.com\\\/rigaorchestra\"]}]}<\/script>\n<!-- \/ Yoast SEO plugin. -->","yoast_head_json":{"title":"Festivals - Or\u0137estris R\u012aGA","robots":{"index":"index","follow":"follow","max-snippet":"max-snippet:-1","max-image-preview":"max-image-preview:large","max-video-preview":"max-video-preview:-1"},"canonical":"https:\/\/orkestris.riga.lv\/en\/festivali\/","og_locale":"en_US","og_type":"article","og_title":"Festivals - Or\u0137estris R\u012aGA","og_url":"https:\/\/orkestris.riga.lv\/en\/festivali\/","og_site_name":"Or\u0137estris R\u012aGA","article_publisher":"https:\/\/www.facebook.com\/rigaorchestra","article_modified_time":"2025-01-22T14:31:59+00:00","twitter_card":"summary_large_image","twitter_misc":{"Est. reading time":"7 minutes"},"schema":{"@context":"https:\/\/schema.org","@graph":[{"@type":"WebPage","@id":"https:\/\/orkestris.riga.lv\/en\/festivali\/","url":"https:\/\/orkestris.riga.lv\/en\/festivali\/","name":"Festivals - Or\u0137estris R\u012aGA","isPartOf":{"@id":"https:\/\/orkestris.riga.lv\/en\/#website"},"datePublished":"2015-09-10T12:04:54+00:00","dateModified":"2025-01-22T14:31:59+00:00","breadcrumb":{"@id":"https:\/\/orkestris.riga.lv\/en\/festivali\/#breadcrumb"},"inLanguage":"en-US","potentialAction":[{"@type":"ReadAction","target":["https:\/\/orkestris.riga.lv\/en\/festivali\/"]}]},{"@type":"BreadcrumbList","@id":"https:\/\/orkestris.riga.lv\/en\/festivali\/#breadcrumb","itemListElement":[{"@type":"ListItem","position":1,"name":"Home","item":"https:\/\/orkestris.riga.lv\/en\/"},{"@type":"ListItem","position":2,"name":"Festivals"}]},{"@type":"WebSite","@id":"https:\/\/orkestris.riga.lv\/en\/#website","url":"https:\/\/orkestris.riga.lv\/en\/","name":"Or\u0137estris R\u012aGA","description":"Orchestra RIGA","publisher":{"@id":"https:\/\/orkestris.riga.lv\/en\/#organization"},"potentialAction":[{"@type":"SearchAction","target":{"@type":"EntryPoint","urlTemplate":"https:\/\/orkestris.riga.lv\/en\/?s={search_term_string}"},"query-input":{"@type":"PropertyValueSpecification","valueRequired":true,"valueName":"search_term_string"}}],"inLanguage":"en-US"},{"@type":"Organization","@id":"https:\/\/orkestris.riga.lv\/en\/#organization","name":"Or\u0137estris R\u012aGA","url":"https:\/\/orkestris.riga.lv\/en\/","logo":{"@type":"ImageObject","inLanguage":"en-US","@id":"https:\/\/orkestris.riga.lv\/en\/#\/schema\/logo\/image\/","url":"https:\/\/orkestris.riga.lv\/wp-content\/uploads\/2025\/01\/orkestris_riga_logo.png","contentUrl":"https:\/\/orkestris.riga.lv\/wp-content\/uploads\/2025\/01\/orkestris_riga_logo.png","width":1200,"height":505,"caption":"Or\u0137estris R\u012aGA"},"image":{"@id":"https:\/\/orkestris.riga.lv\/en\/#\/schema\/logo\/image\/"},"sameAs":["https:\/\/www.facebook.com\/rigaorchestra","https:\/\/www.youtube.com\/rigaorchestra","https:\/\/www.instagram.com\/rigaorchestra"]}]}},"_links":{"self":[{"href":"https:\/\/orkestris.riga.lv\/en\/wp-json\/wp\/v2\/pages\/786","targetHints":{"allow":["GET"]}}],"collection":[{"href":"https:\/\/orkestris.riga.lv\/en\/wp-json\/wp\/v2\/pages"}],"about":[{"href":"https:\/\/orkestris.riga.lv\/en\/wp-json\/wp\/v2\/types\/page"}],"author":[{"embeddable":true,"href":"https:\/\/orkestris.riga.lv\/en\/wp-json\/wp\/v2\/users\/1"}],"replies":[{"embeddable":true,"href":"https:\/\/orkestris.riga.lv\/en\/wp-json\/wp\/v2\/comments?post=786"}],"version-history":[{"count":5,"href":"https:\/\/orkestris.riga.lv\/en\/wp-json\/wp\/v2\/pages\/786\/revisions"}],"predecessor-version":[{"id":15514,"href":"https:\/\/orkestris.riga.lv\/en\/wp-json\/wp\/v2\/pages\/786\/revisions\/15514"}],"wp:attachment":[{"href":"https:\/\/orkestris.riga.lv\/en\/wp-json\/wp\/v2\/media?parent=786"}],"curies":[{"name":"wp","href":"https:\/\/api.w.org\/{rel}","templated":true}]}}