{"id":793,"date":"2015-09-10T12:06:14","date_gmt":"2015-09-10T12:06:14","guid":{"rendered":"http:\/\/orkestris.riga.lv\/?page_id=793&#038;lang=en"},"modified":"2024-09-10T12:07:46","modified_gmt":"2024-09-10T09:07:46","slug":"kontakti","status":"publish","type":"page","link":"https:\/\/orkestris.riga.lv\/en\/kontakti\/","title":{"rendered":"Contacts"},"content":{"rendered":"<div  class='av_gmaps_sc_main_wrap av_gmaps_main_wrap '><div id='av_gmap_0' class='avia-google-map-container avia-google-map-sc av_gmaps_show_unconditionally av-no-fallback-img ' data-mapid='av_gmap_0'  style='height: 400px;'><a class=\"av_gmaps_browser_disabled av_text_confirm_link av_text_confirm_link_visible\" href=\"https:\/\/www.google.com\/maps\/search\/?api=1&#038;query=Kronvalda%20bulv\u0101ris%208%20%20R\u012bga%20%20Latvia\" target=\"_blank\">Maps were disabled by the visitor on this site. Click to open the map in a new window.<\/a><\/div><\/div>\n\n<style type=\"text\/css\" data-created_by=\"avia_inline_auto\" id=\"style-css-av-3uvsc-80b9ee2f56562ca5c98ebbdfd60fe9d5\">\n.flex_column.av-3uvsc-80b9ee2f56562ca5c98ebbdfd60fe9d5{\nborder-radius:0px 0px 0px 0px;\npadding:0px 0px 0px 0px;\n}\n<\/style>\n<div  class='flex_column av-3uvsc-80b9ee2f56562ca5c98ebbdfd60fe9d5 av_one_half  avia-builder-el-1  el_after_av_google_map  el_before_av_one_half  avia-builder-el-first  first flex_column_div av-zero-column-padding  '     ><p>\n<style type=\"text\/css\" data-created_by=\"avia_inline_auto\" id=\"style-css-av-15bts-2c525b860dc29605276a1d123585aa26\">\n#top .av-special-heading.av-15bts-2c525b860dc29605276a1d123585aa26{\npadding-bottom:10px;\n}\nbody .av-special-heading.av-15bts-2c525b860dc29605276a1d123585aa26 .av-special-heading-tag .heading-char{\nfont-size:25px;\n}\n.av-special-heading.av-15bts-2c525b860dc29605276a1d123585aa26 .av-subheading{\nfont-size:15px;\n}\n<\/style>\n<div  class='av-special-heading av-15bts-2c525b860dc29605276a1d123585aa26 av-special-heading-h1 blockquote modern-quote  avia-builder-el-2  el_before_av_textblock  avia-builder-el-first '><h1 class='av-special-heading-tag '  itemprop=\"headline\"  >Contacts<\/h1><div class=\"special-heading-border\"><div class=\"special-heading-inner-border\"><\/div><\/div><\/div><br \/>\n<section  class='av_textblock_section av-ku6rsrwz-2dbfc7a65c2a62dea4fb9a385128f17c '   itemscope=\"itemscope\" itemtype=\"https:\/\/schema.org\/CreativeWork\" ><div class='avia_textblock'  itemprop=\"text\" ><div class=\"textwidget\">\n<p><strong>Orchestra &#8220;Riga&#8221;<\/strong><br \/>\nKronvalda bulv\u0101ris 8,<br \/>\nRiga, LV-1010<br \/>\nTelephone.: +371 67037986<br \/>\nE-mail: <a href=\"mailto:orkestris@riga.lv\">orkestris@riga.lv<\/a><\/p>\n<\/div>\n<div class=\"textwidget\"><\/div>\n<\/div><\/section><br \/>\n<div  class='hr av-zqo4-17fc23de5415ba456caa4d42a0e230ac hr-default  avia-builder-el-4  el_after_av_textblock  el_before_av_textblock '><span class='hr-inner '><span class=\"hr-inner-style\"><\/span><\/span><\/div><br \/>\n<section  class='av_textblock_section av-2xzrc-7c1c6f31df84c13408dace471df72f15 '   itemscope=\"itemscope\" itemtype=\"https:\/\/schema.org\/CreativeWork\" ><div class='avia_textblock'  itemprop=\"text\" ><p><b>Selga Laiz\u0101ne<\/b><br \/>\nActing director<br \/>\n<a href=\"mailto:selga.laizane@riga.lv\">Selga.Laizane@riga.lv<\/a><\/p>\n<p><strong>Valdis But\u0101ns<\/strong><br \/>\nArtistic Director and Principal Conductor<br \/>\n<a href=\"mailto:Valdis.Butans@riga.lv\">Valdis.Butans@riga.lv<\/a><\/p>\n<p><strong>Inese Viesture<\/strong><br \/>\nDeputy director in administrative work<br \/>\n<a href=\"mailto:Inese.Viesture@riga.lv\">Inese.Viesture@riga.lv<\/a><\/p>\n<p><b>L\u0101sma Sondore<\/b><br \/>\nProject manager<br \/>\n<a href=\"mailto:lasma.sondore@riga.lv\">Lasma.Sondore@riga.lv<\/a><\/p>\n<p><b>Ed\u012bte \u0160\u0137epaste<\/b><br \/>\nProject manager<br \/>\n<a href=\"mailto:edite.skepaste@riga.lv\">Edite.Skepaste@riga.lv<\/a><\/p>\n<p><b>Dita Ma\u013cinovska<\/b><br \/>\nMarketing and PR manager<br \/>\n<a href=\"Dita.Malinovska@riga.lv\">Dita.Malinovska@riga.lv<\/a><br \/>\nTel.: +37129719779<\/p>\n<p><strong>Jana Valtere<\/strong><br \/>\nOffice administrator<br \/>\n<a href=\"mailto:Jana.Valtere@riga.lv\">Jana.Valtere@riga.lv<\/a><br \/>\nTel. 67037986<\/p>\n<p><strong>Juris Mek\u0161s<\/strong><br \/>\nLibrarian<br \/>\n<a href=\"mailto:Juris.Mekss@riga.lv\">Juris.Mekss@riga.lv<\/a><\/p>\n<p><strong>Lauris Zvejnieks<\/strong><br \/>\nOrchestra Inspector<br \/>\n<a href=\"mailto:Lauris.Zvejnieks@riga.lv\">Lauris.Zvejnieks@riga.lv<\/a><\/p>\n<\/div><\/section><\/p><\/div>\n<style type=\"text\/css\" data-created_by=\"avia_inline_auto\" id=\"style-css-av-3uvsc-2-2b24e00d7059e67e66e30a6d4051b35c\">\n.flex_column.av-3uvsc-2-2b24e00d7059e67e66e30a6d4051b35c{\nborder-radius:0px 0px 0px 0px;\npadding:0px 0px 0px 0px;\n}\n<\/style>\n<div  class='flex_column av-3uvsc-2-2b24e00d7059e67e66e30a6d4051b35c av_one_half  avia-builder-el-6  el_after_av_one_half  avia-builder-el-last  flex_column_div av-zero-column-padding  '     ><p>\n<style type=\"text\/css\" data-created_by=\"avia_inline_auto\" id=\"style-css-av-knrdjo1t-322c806af2a8b2c91ed3d981cc04e363\">\n#top .av-special-heading.av-knrdjo1t-322c806af2a8b2c91ed3d981cc04e363{\npadding-bottom:10px;\n}\nbody .av-special-heading.av-knrdjo1t-322c806af2a8b2c91ed3d981cc04e363 .av-special-heading-tag .heading-char{\nfont-size:25px;\n}\n.av-special-heading.av-knrdjo1t-322c806af2a8b2c91ed3d981cc04e363 .av-subheading{\nfont-size:15px;\n}\n<\/style>\n<div  class='av-special-heading av-knrdjo1t-322c806af2a8b2c91ed3d981cc04e363 av-special-heading-h1 blockquote modern-quote  avia-builder-el-7  el_before_av_textblock  avia-builder-el-first '><h1 class='av-special-heading-tag '  itemprop=\"headline\"  >Website accessibility<\/h1><div class=\"special-heading-border\"><div class=\"special-heading-inner-border\"><\/div><\/div><\/div><br \/>\n<section  class='av_textblock_section av-2xzrc-1-30eb937ea33df88928dcb46418c067e4 '   itemscope=\"itemscope\" itemtype=\"https:\/\/schema.org\/CreativeWork\" ><div class='avia_textblock'  itemprop=\"text\" ><p><a href=\"https:\/\/orkestris.riga.lv\/wp-content\/uploads\/2021\/04\/Pieklustamibas-pazinojums_majas-lapai.pdf\">Piek\u013c\u016bstam\u012bbas pazi\u0146ojums<\/a><\/p>\n<p><a href=\"https:\/\/orkestris.riga.lv\/wp-content\/uploads\/2021\/04\/Pieklustamiba_protokols_Orkestris-RIGA.pdf\">Piek\u013c\u016bstam\u012bbas protokols<\/a><\/p>\n<\/div><\/section><br \/>\n<div  class='hr av-nyo8-14a7fcd022e7f591b543d3de7ff8c00d hr-default  avia-builder-el-9  el_after_av_textblock  el_before_av_heading '><span class='hr-inner '><span class=\"hr-inner-style\"><\/span><\/span><\/div><br \/>\n\n<style type=\"text\/css\" data-created_by=\"avia_inline_auto\" id=\"style-css-av-1q7zk-091ac9ea3072ee5b8872894aca366101\">\n#top .av-special-heading.av-1q7zk-091ac9ea3072ee5b8872894aca366101{\npadding-bottom:50px;\n}\nbody .av-special-heading.av-1q7zk-091ac9ea3072ee5b8872894aca366101 .av-special-heading-tag .heading-char{\nfont-size:25px;\n}\n.av-special-heading.av-1q7zk-091ac9ea3072ee5b8872894aca366101 .av-subheading{\nfont-size:15px;\n}\n<\/style>\n<div  class='av-special-heading av-1q7zk-091ac9ea3072ee5b8872894aca366101 av-special-heading-h1 blockquote modern-quote modern-centered  avia-builder-el-10  el_after_av_hr  el_before_av_image '><h1 class='av-special-heading-tag '  itemprop=\"headline\"  >Our partners<\/h1><div class=\"special-heading-border\"><div class=\"special-heading-inner-border\"><\/div><\/div><\/div><br \/>\n\n<style type=\"text\/css\" data-created_by=\"avia_inline_auto\" id=\"style-css-av-zb30-f0670ea44f8b976e10a16dc11eb44aef\">\n.avia-image-container.av-zb30-f0670ea44f8b976e10a16dc11eb44aef img.avia_image{\nbox-shadow:none;\n}\n.avia-image-container.av-zb30-f0670ea44f8b976e10a16dc11eb44aef .av-image-caption-overlay-center{\ncolor:#ffffff;\n}\n<\/style>\n<div  class='avia-image-container av-zb30-f0670ea44f8b976e10a16dc11eb44aef av-styling- avia-align-center  avia-builder-el-11  el_after_av_heading  avia-builder-el-last '   itemprop=\"image\" itemscope=\"itemscope\" itemtype=\"https:\/\/schema.org\/ImageObject\" ><div class=\"avia-image-container-inner\"><div class=\"avia-image-overlay-wrap\"><img decoding=\"async\" fetchpriority=\"high\" class='wp-image-10976 avia-img-lazy-loading-not-10976 avia_image ' src=\"https:\/\/orkestris.riga.lv\/wp-content\/uploads\/2022\/05\/Atbalstitaju-logo_2022_2.jpg\" alt='' title='Atbalstitaju-logo_2022_2'  height=\"252\" width=\"500\"  itemprop=\"thumbnailUrl\" srcset=\"https:\/\/orkestris.riga.lv\/wp-content\/uploads\/2022\/05\/Atbalstitaju-logo_2022_2.jpg 500w, https:\/\/orkestris.riga.lv\/wp-content\/uploads\/2022\/05\/Atbalstitaju-logo_2022_2-300x151.jpg 300w\" sizes=\"(max-width: 500px) 100vw, 500px\" \/><\/div><\/div><\/div><\/p><\/div><\/p>\n","protected":false},"excerpt":{"rendered":"","protected":false},"author":1,"featured_media":0,"parent":0,"menu_order":10,"comment_status":"closed","ping_status":"closed","template":"","meta":{"footnotes":""},"class_list":["post-793","page","type-page","status-publish","hentry"],"yoast_head":"<!-- This site is optimized with the Yoast SEO plugin v27.3 - https:\/\/yoast.com\/product\/yoast-seo-wordpress\/ -->\n<title>Contacts - Or\u0137estris R\u012aGA<\/title>\n<meta name=\"robots\" content=\"index, follow, max-snippet:-1, max-image-preview:large, max-video-preview:-1\" \/>\n<link rel=\"canonical\" href=\"https:\/\/orkestris.riga.lv\/en\/kontakti\/\" \/>\n<meta property=\"og:locale\" content=\"en_US\" \/>\n<meta property=\"og:type\" content=\"article\" \/>\n<meta property=\"og:title\" content=\"Contacts - Or\u0137estris R\u012aGA\" \/>\n<meta property=\"og:url\" content=\"https:\/\/orkestris.riga.lv\/en\/kontakti\/\" \/>\n<meta property=\"og:site_name\" content=\"Or\u0137estris R\u012aGA\" \/>\n<meta property=\"article:publisher\" content=\"https:\/\/www.facebook.com\/rigaorchestra\" \/>\n<meta property=\"article:modified_time\" content=\"2024-09-10T09:07:46+00:00\" \/>\n<meta name=\"twitter:card\" content=\"summary_large_image\" \/>\n<meta name=\"twitter:label1\" content=\"Est. reading time\" \/>\n\t<meta name=\"twitter:data1\" content=\"6 minutes\" \/>\n<script type=\"application\/ld+json\" class=\"yoast-schema-graph\">{\"@context\":\"https:\\\/\\\/schema.org\",\"@graph\":[{\"@type\":\"WebPage\",\"@id\":\"https:\\\/\\\/orkestris.riga.lv\\\/en\\\/kontakti\\\/\",\"url\":\"https:\\\/\\\/orkestris.riga.lv\\\/en\\\/kontakti\\\/\",\"name\":\"Contacts - Or\u0137estris R\u012aGA\",\"isPartOf\":{\"@id\":\"https:\\\/\\\/orkestris.riga.lv\\\/en\\\/#website\"},\"datePublished\":\"2015-09-10T12:06:14+00:00\",\"dateModified\":\"2024-09-10T09:07:46+00:00\",\"breadcrumb\":{\"@id\":\"https:\\\/\\\/orkestris.riga.lv\\\/en\\\/kontakti\\\/#breadcrumb\"},\"inLanguage\":\"en-US\",\"potentialAction\":[{\"@type\":\"ReadAction\",\"target\":[\"https:\\\/\\\/orkestris.riga.lv\\\/en\\\/kontakti\\\/\"]}]},{\"@type\":\"BreadcrumbList\",\"@id\":\"https:\\\/\\\/orkestris.riga.lv\\\/en\\\/kontakti\\\/#breadcrumb\",\"itemListElement\":[{\"@type\":\"ListItem\",\"position\":1,\"name\":\"Home\",\"item\":\"https:\\\/\\\/orkestris.riga.lv\\\/en\\\/\"},{\"@type\":\"ListItem\",\"position\":2,\"name\":\"Contacts\"}]},{\"@type\":\"WebSite\",\"@id\":\"https:\\\/\\\/orkestris.riga.lv\\\/en\\\/#website\",\"url\":\"https:\\\/\\\/orkestris.riga.lv\\\/en\\\/\",\"name\":\"Or\u0137estris R\u012aGA\",\"description\":\"Orchestra RIGA\",\"publisher\":{\"@id\":\"https:\\\/\\\/orkestris.riga.lv\\\/en\\\/#organization\"},\"potentialAction\":[{\"@type\":\"SearchAction\",\"target\":{\"@type\":\"EntryPoint\",\"urlTemplate\":\"https:\\\/\\\/orkestris.riga.lv\\\/en\\\/?s={search_term_string}\"},\"query-input\":{\"@type\":\"PropertyValueSpecification\",\"valueRequired\":true,\"valueName\":\"search_term_string\"}}],\"inLanguage\":\"en-US\"},{\"@type\":\"Organization\",\"@id\":\"https:\\\/\\\/orkestris.riga.lv\\\/en\\\/#organization\",\"name\":\"Or\u0137estris R\u012aGA\",\"url\":\"https:\\\/\\\/orkestris.riga.lv\\\/en\\\/\",\"logo\":{\"@type\":\"ImageObject\",\"inLanguage\":\"en-US\",\"@id\":\"https:\\\/\\\/orkestris.riga.lv\\\/en\\\/#\\\/schema\\\/logo\\\/image\\\/\",\"url\":\"https:\\\/\\\/orkestris.riga.lv\\\/wp-content\\\/uploads\\\/2025\\\/01\\\/orkestris_riga_logo.png\",\"contentUrl\":\"https:\\\/\\\/orkestris.riga.lv\\\/wp-content\\\/uploads\\\/2025\\\/01\\\/orkestris_riga_logo.png\",\"width\":1200,\"height\":505,\"caption\":\"Or\u0137estris R\u012aGA\"},\"image\":{\"@id\":\"https:\\\/\\\/orkestris.riga.lv\\\/en\\\/#\\\/schema\\\/logo\\\/image\\\/\"},\"sameAs\":[\"https:\\\/\\\/www.facebook.com\\\/rigaorchestra\",\"https:\\\/\\\/www.youtube.com\\\/rigaorchestra\",\"https:\\\/\\\/www.instagram.com\\\/rigaorchestra\"]}]}<\/script>\n<!-- \/ Yoast SEO plugin. -->","yoast_head_json":{"title":"Contacts - Or\u0137estris R\u012aGA","robots":{"index":"index","follow":"follow","max-snippet":"max-snippet:-1","max-image-preview":"max-image-preview:large","max-video-preview":"max-video-preview:-1"},"canonical":"https:\/\/orkestris.riga.lv\/en\/kontakti\/","og_locale":"en_US","og_type":"article","og_title":"Contacts - Or\u0137estris R\u012aGA","og_url":"https:\/\/orkestris.riga.lv\/en\/kontakti\/","og_site_name":"Or\u0137estris R\u012aGA","article_publisher":"https:\/\/www.facebook.com\/rigaorchestra","article_modified_time":"2024-09-10T09:07:46+00:00","twitter_card":"summary_large_image","twitter_misc":{"Est. reading time":"6 minutes"},"schema":{"@context":"https:\/\/schema.org","@graph":[{"@type":"WebPage","@id":"https:\/\/orkestris.riga.lv\/en\/kontakti\/","url":"https:\/\/orkestris.riga.lv\/en\/kontakti\/","name":"Contacts - Or\u0137estris R\u012aGA","isPartOf":{"@id":"https:\/\/orkestris.riga.lv\/en\/#website"},"datePublished":"2015-09-10T12:06:14+00:00","dateModified":"2024-09-10T09:07:46+00:00","breadcrumb":{"@id":"https:\/\/orkestris.riga.lv\/en\/kontakti\/#breadcrumb"},"inLanguage":"en-US","potentialAction":[{"@type":"ReadAction","target":["https:\/\/orkestris.riga.lv\/en\/kontakti\/"]}]},{"@type":"BreadcrumbList","@id":"https:\/\/orkestris.riga.lv\/en\/kontakti\/#breadcrumb","itemListElement":[{"@type":"ListItem","position":1,"name":"Home","item":"https:\/\/orkestris.riga.lv\/en\/"},{"@type":"ListItem","position":2,"name":"Contacts"}]},{"@type":"WebSite","@id":"https:\/\/orkestris.riga.lv\/en\/#website","url":"https:\/\/orkestris.riga.lv\/en\/","name":"Or\u0137estris R\u012aGA","description":"Orchestra RIGA","publisher":{"@id":"https:\/\/orkestris.riga.lv\/en\/#organization"},"potentialAction":[{"@type":"SearchAction","target":{"@type":"EntryPoint","urlTemplate":"https:\/\/orkestris.riga.lv\/en\/?s={search_term_string}"},"query-input":{"@type":"PropertyValueSpecification","valueRequired":true,"valueName":"search_term_string"}}],"inLanguage":"en-US"},{"@type":"Organization","@id":"https:\/\/orkestris.riga.lv\/en\/#organization","name":"Or\u0137estris R\u012aGA","url":"https:\/\/orkestris.riga.lv\/en\/","logo":{"@type":"ImageObject","inLanguage":"en-US","@id":"https:\/\/orkestris.riga.lv\/en\/#\/schema\/logo\/image\/","url":"https:\/\/orkestris.riga.lv\/wp-content\/uploads\/2025\/01\/orkestris_riga_logo.png","contentUrl":"https:\/\/orkestris.riga.lv\/wp-content\/uploads\/2025\/01\/orkestris_riga_logo.png","width":1200,"height":505,"caption":"Or\u0137estris R\u012aGA"},"image":{"@id":"https:\/\/orkestris.riga.lv\/en\/#\/schema\/logo\/image\/"},"sameAs":["https:\/\/www.facebook.com\/rigaorchestra","https:\/\/www.youtube.com\/rigaorchestra","https:\/\/www.instagram.com\/rigaorchestra"]}]}},"_links":{"self":[{"href":"https:\/\/orkestris.riga.lv\/en\/wp-json\/wp\/v2\/pages\/793","targetHints":{"allow":["GET"]}}],"collection":[{"href":"https:\/\/orkestris.riga.lv\/en\/wp-json\/wp\/v2\/pages"}],"about":[{"href":"https:\/\/orkestris.riga.lv\/en\/wp-json\/wp\/v2\/types\/page"}],"author":[{"embeddable":true,"href":"https:\/\/orkestris.riga.lv\/en\/wp-json\/wp\/v2\/users\/1"}],"replies":[{"embeddable":true,"href":"https:\/\/orkestris.riga.lv\/en\/wp-json\/wp\/v2\/comments?post=793"}],"version-history":[{"count":5,"href":"https:\/\/orkestris.riga.lv\/en\/wp-json\/wp\/v2\/pages\/793\/revisions"}],"predecessor-version":[{"id":13731,"href":"https:\/\/orkestris.riga.lv\/en\/wp-json\/wp\/v2\/pages\/793\/revisions\/13731"}],"wp:attachment":[{"href":"https:\/\/orkestris.riga.lv\/en\/wp-json\/wp\/v2\/media?parent=793"}],"curies":[{"name":"wp","href":"https:\/\/api.w.org\/{rel}","templated":true}]}}