{"id":926,"date":"2015-09-26T09:56:06","date_gmt":"2015-09-26T06:56:06","guid":{"rendered":"http:\/\/orkestris.riga.lv\/?page_id=926&#038;lang=en"},"modified":"2021-04-20T23:53:57","modified_gmt":"2021-04-20T20:53:57","slug":"windstream-2014","status":"publish","type":"page","link":"https:\/\/orkestris.riga.lv\/en\/festivali\/windstream\/windstream-2014\/","title":{"rendered":"WINDSTREAM  2014"},"content":{"rendered":"\n<style type=\"text\/css\" data-created_by=\"avia_inline_auto\" id=\"style-css-av-knqi0m1p-a20a78eda23d30d7613d925a03ac4c4a\">\n#top .av-special-heading.av-knqi0m1p-a20a78eda23d30d7613d925a03ac4c4a{\npadding-bottom:10px;\n}\nbody .av-special-heading.av-knqi0m1p-a20a78eda23d30d7613d925a03ac4c4a .av-special-heading-tag .heading-char{\nfont-size:25px;\n}\n.av-special-heading.av-knqi0m1p-a20a78eda23d30d7613d925a03ac4c4a .av-subheading{\nfont-size:15px;\n}\n<\/style>\n<div  class='av-special-heading av-knqi0m1p-a20a78eda23d30d7613d925a03ac4c4a av-special-heading-h1 blockquote modern-quote  avia-builder-el-0  el_before_av_one_half  avia-builder-el-first '><h1 class='av-special-heading-tag '  itemprop=\"headline\"  >SPRING FESTIVAL <em>WINDSTREAM<\/em> 2014<\/h1><div class='av-subheading av-subheading_below'><p>The 1st International Composers&#8217; Competition WINDSTREAM 2014<\/p>\n<\/div><div class=\"special-heading-border\"><div class=\"special-heading-inner-border\"><\/div><\/div><\/div>\n\n<style type=\"text\/css\" data-created_by=\"avia_inline_auto\" id=\"style-css-av-av_one_half-352b07ef7d3bc99b2e9f92e7a9e06bdb\">\n.flex_column.av-av_one_half-352b07ef7d3bc99b2e9f92e7a9e06bdb{\nborder-radius:0px 0px 0px 0px;\npadding:0px 0px 0px 0px;\n}\n<\/style>\n<div  class='flex_column av-av_one_half-352b07ef7d3bc99b2e9f92e7a9e06bdb av_one_half  avia-builder-el-1  el_after_av_heading  el_before_av_one_half  first flex_column_div av-zero-column-padding  '     ><style type=\"text\/css\" data-created_by=\"avia_inline_auto\" id=\"style-css-av-knqi8juq-edf399e5ac99aeb678dafb73962d676b\">\n#top .avia-gallery.av-knqi8juq-edf399e5ac99aeb678dafb73962d676b .avia-gallery-thumb a{\nwidth:33.3333%;\n}\n<\/style>\n<div  class='avia-gallery av-knqi8juq-edf399e5ac99aeb678dafb73962d676b avia_animate_when_visible  avia-builder-el-2  avia-builder-el-no-sibling  avia_lazyload av-slideshow-ui av-loop-manual-endless av-control-hidden av-navigate-arrows av-navigate-dots hover-effect av-control-hidden avia-gallery-animate avia-gallery-1'  itemprop=\"image\" itemscope=\"itemscope\" itemtype=\"https:\/\/schema.org\/ImageObject\" ><meta itemprop=\"contentURL\" content=\"https:\/\/orkestris.riga.lv\/en\/festivali\/windstream\/windstream-2014\/\"><div class='avia-gallery-big-wrapper'><a class='avia-gallery-big fakeLightbox lightbox avia-gallery-big-crop-thumb ' href=\"https:\/\/orkestris.riga.lv\/wp-content\/uploads\/2021\/04\/zu3L0496rs-1030x687.jpg\" data-srcset=\"https:\/\/orkestris.riga.lv\/wp-content\/uploads\/2021\/04\/zu3L0496rs-1030x687.jpg 1030w, https:\/\/orkestris.riga.lv\/wp-content\/uploads\/2021\/04\/zu3L0496rs-300x200.jpg 300w, https:\/\/orkestris.riga.lv\/wp-content\/uploads\/2021\/04\/zu3L0496rs-768x512.jpg 768w, https:\/\/orkestris.riga.lv\/wp-content\/uploads\/2021\/04\/zu3L0496rs-705x470.jpg 705w, https:\/\/orkestris.riga.lv\/wp-content\/uploads\/2021\/04\/zu3L0496rs.jpg 1200w\" data-sizes=\"(max-width: 1030px) 100vw, 1030px\"  data-onclick='1' title='Orchestra RIGA and conductor M\u0101rti\u0146\u0161 Ozoli\u0146\u0161' ><span class='avia-gallery-big-inner'  itemprop=\"thumbnailUrl\" ><img decoding=\"async\" fetchpriority=\"high\" class=\"wp-image-8741 avia-img-lazy-loading-not-8741\"  width=\"495\" height=\"400\" src=\"https:\/\/orkestris.riga.lv\/wp-content\/uploads\/2021\/04\/zu3L0496rs-495x400.jpg\" title='zu3L0496rs' alt='' srcset=\"https:\/\/orkestris.riga.lv\/wp-content\/uploads\/2021\/04\/zu3L0496rs-495x400.jpg 495w, https:\/\/orkestris.riga.lv\/wp-content\/uploads\/2021\/04\/zu3L0496rs-845x684.jpg 845w\" sizes=\"(max-width: 495px) 100vw, 495px\" \/><span class='avia-gallery-caption'>Orchestra RIGA and conductor M\u0101rti\u0146\u0161 Ozoli\u0146\u0161<\/span><\/span><\/a><\/div><div class='avia-gallery-thumb'><a href=\"https:\/\/orkestris.riga.lv\/wp-content\/uploads\/2021\/04\/zu3L0496rs-1030x687.jpg\" data-srcset=\"https:\/\/orkestris.riga.lv\/wp-content\/uploads\/2021\/04\/zu3L0496rs-1030x687.jpg 1030w, https:\/\/orkestris.riga.lv\/wp-content\/uploads\/2021\/04\/zu3L0496rs-300x200.jpg 300w, https:\/\/orkestris.riga.lv\/wp-content\/uploads\/2021\/04\/zu3L0496rs-768x512.jpg 768w, https:\/\/orkestris.riga.lv\/wp-content\/uploads\/2021\/04\/zu3L0496rs-705x470.jpg 705w, https:\/\/orkestris.riga.lv\/wp-content\/uploads\/2021\/04\/zu3L0496rs.jpg 1200w\" data-sizes=\"(max-width: 1030px) 100vw, 1030px\" data-rel='gallery-1' data-prev-img='https:\/\/orkestris.riga.lv\/wp-content\/uploads\/2021\/04\/zu3L0496rs-495x400.jpg' class='first_thumb lightbox ' data-onclick='1' title='Orchestra RIGA and conductor M\u0101rti\u0146\u0161 Ozoli\u0146\u0161'  itemprop=\"thumbnailUrl\"  ><img decoding=\"async\" fetchpriority=\"high\" class=\"wp-image-8741 avia-img-lazy-loading-not-8741\"  data-avia-tooltip='Orchestra RIGA and conductor M\u0101rti\u0146\u0161 Ozoli\u0146\u0161' src=\"https:\/\/orkestris.riga.lv\/wp-content\/uploads\/2021\/04\/zu3L0496rs-495x400.jpg\" width=\"495\" height=\"400\"  title='zu3L0496rs' alt='' srcset=\"https:\/\/orkestris.riga.lv\/wp-content\/uploads\/2021\/04\/zu3L0496rs-495x400.jpg 495w, https:\/\/orkestris.riga.lv\/wp-content\/uploads\/2021\/04\/zu3L0496rs-845x684.jpg 845w\" sizes=\"(max-width: 495px) 100vw, 495px\" \/><div class='big-prev-fake'><img decoding=\"async\" loading=\"lazy\" class=\"wp-image-8741 avia-img-lazy-loading-8741\"  width=\"495\" height=\"400\" src=\"https:\/\/orkestris.riga.lv\/wp-content\/uploads\/2021\/04\/zu3L0496rs-495x400.jpg\" title='zu3L0496rs' alt='' srcset=\"https:\/\/orkestris.riga.lv\/wp-content\/uploads\/2021\/04\/zu3L0496rs-495x400.jpg 495w, https:\/\/orkestris.riga.lv\/wp-content\/uploads\/2021\/04\/zu3L0496rs-845x684.jpg 845w\" sizes=\"auto, (max-width: 495px) 100vw, 495px\" \/><\/div><\/a><a href=\"https:\/\/orkestris.riga.lv\/wp-content\/uploads\/2021\/04\/zurij-1030x687.jpg\" data-srcset=\"https:\/\/orkestris.riga.lv\/wp-content\/uploads\/2021\/04\/zurij-1030x687.jpg 1030w, https:\/\/orkestris.riga.lv\/wp-content\/uploads\/2021\/04\/zurij-300x200.jpg 300w, https:\/\/orkestris.riga.lv\/wp-content\/uploads\/2021\/04\/zurij-768x512.jpg 768w, https:\/\/orkestris.riga.lv\/wp-content\/uploads\/2021\/04\/zurij-705x470.jpg 705w, https:\/\/orkestris.riga.lv\/wp-content\/uploads\/2021\/04\/zurij.jpg 1200w\" data-sizes=\"(max-width: 1030px) 100vw, 1030px\" data-rel='gallery-1' data-prev-img='https:\/\/orkestris.riga.lv\/wp-content\/uploads\/2021\/04\/zurij-495x400.jpg' class='lightbox ' data-onclick='2' title='The jury of the contest'  itemprop=\"thumbnailUrl\"  ><img decoding=\"async\" fetchpriority=\"high\" class=\"wp-image-8747 avia-img-lazy-loading-not-8747\"  data-avia-tooltip='The jury of the contest' src=\"https:\/\/orkestris.riga.lv\/wp-content\/uploads\/2021\/04\/zurij-495x400.jpg\" width=\"495\" height=\"400\"  title='zurij' alt='' srcset=\"https:\/\/orkestris.riga.lv\/wp-content\/uploads\/2021\/04\/zurij-495x400.jpg 495w, https:\/\/orkestris.riga.lv\/wp-content\/uploads\/2021\/04\/zurij-845x684.jpg 845w\" sizes=\"(max-width: 495px) 100vw, 495px\" \/><div class='big-prev-fake'><img decoding=\"async\" loading=\"lazy\" class=\"wp-image-8747 avia-img-lazy-loading-8747\"  width=\"495\" height=\"400\" src=\"https:\/\/orkestris.riga.lv\/wp-content\/uploads\/2021\/04\/zurij-495x400.jpg\" title='zurij' alt='' srcset=\"https:\/\/orkestris.riga.lv\/wp-content\/uploads\/2021\/04\/zurij-495x400.jpg 495w, https:\/\/orkestris.riga.lv\/wp-content\/uploads\/2021\/04\/zurij-845x684.jpg 845w\" sizes=\"auto, (max-width: 495px) 100vw, 495px\" \/><\/div><\/a><a href=\"https:\/\/orkestris.riga.lv\/wp-content\/uploads\/2021\/04\/zu3L0469rs.jpg\" data-srcset=\"https:\/\/orkestris.riga.lv\/wp-content\/uploads\/2021\/04\/zu3L0469rs.jpg 609w, https:\/\/orkestris.riga.lv\/wp-content\/uploads\/2021\/04\/zu3L0469rs-300x233.jpg 300w\" data-sizes=\"(max-width: 609px) 100vw, 609px\" data-rel='gallery-1' data-prev-img='https:\/\/orkestris.riga.lv\/wp-content\/uploads\/2021\/04\/zu3L0469rs-495x400.jpg' class='lightbox ' data-onclick='3' title='The awarded composers'  itemprop=\"thumbnailUrl\"  ><img decoding=\"async\" fetchpriority=\"high\" class=\"wp-image-8739 avia-img-lazy-loading-not-8739\"  data-avia-tooltip='The awarded composers' src=\"https:\/\/orkestris.riga.lv\/wp-content\/uploads\/2021\/04\/zu3L0469rs-495x400.jpg\" width=\"495\" height=\"400\"  title='zu3L0469rs' alt='' \/><div class='big-prev-fake'><img decoding=\"async\" loading=\"lazy\" class=\"wp-image-8739 avia-img-lazy-loading-8739\"  width=\"495\" height=\"400\" src=\"https:\/\/orkestris.riga.lv\/wp-content\/uploads\/2021\/04\/zu3L0469rs-495x400.jpg\" title='zu3L0469rs' alt='' \/><\/div><\/a><a href=\"https:\/\/orkestris.riga.lv\/wp-content\/uploads\/2021\/04\/skrejlapa_ENG-1030x726.jpg\" data-srcset=\"https:\/\/orkestris.riga.lv\/wp-content\/uploads\/2021\/04\/skrejlapa_ENG-1030x726.jpg 1030w, https:\/\/orkestris.riga.lv\/wp-content\/uploads\/2021\/04\/skrejlapa_ENG-300x211.jpg 300w, https:\/\/orkestris.riga.lv\/wp-content\/uploads\/2021\/04\/skrejlapa_ENG-768x541.jpg 768w, https:\/\/orkestris.riga.lv\/wp-content\/uploads\/2021\/04\/skrejlapa_ENG-705x497.jpg 705w, https:\/\/orkestris.riga.lv\/wp-content\/uploads\/2021\/04\/skrejlapa_ENG.jpg 1240w\" data-sizes=\"(max-width: 1030px) 100vw, 1030px\" data-rel='gallery-1' data-prev-img='https:\/\/orkestris.riga.lv\/wp-content\/uploads\/2021\/04\/skrejlapa_ENG-495x400.jpg' class='first_thumb lightbox ' data-onclick='4' title='skrejlapa_ENG'  itemprop=\"thumbnailUrl\"  ><img decoding=\"async\" fetchpriority=\"high\" class=\"wp-image-8751 avia-img-lazy-loading-not-8751\"   src=\"https:\/\/orkestris.riga.lv\/wp-content\/uploads\/2021\/04\/skrejlapa_ENG-495x400.jpg\" width=\"495\" height=\"400\"  title='skrejlapa_ENG' alt='' srcset=\"https:\/\/orkestris.riga.lv\/wp-content\/uploads\/2021\/04\/skrejlapa_ENG-495x400.jpg 495w, https:\/\/orkestris.riga.lv\/wp-content\/uploads\/2021\/04\/skrejlapa_ENG-845x684.jpg 845w\" sizes=\"(max-width: 495px) 100vw, 495px\" \/><div class='big-prev-fake'><img decoding=\"async\" loading=\"lazy\" class=\"wp-image-8751 avia-img-lazy-loading-8751\"  width=\"495\" height=\"400\" src=\"https:\/\/orkestris.riga.lv\/wp-content\/uploads\/2021\/04\/skrejlapa_ENG-495x400.jpg\" title='skrejlapa_ENG' alt='' srcset=\"https:\/\/orkestris.riga.lv\/wp-content\/uploads\/2021\/04\/skrejlapa_ENG-495x400.jpg 495w, https:\/\/orkestris.riga.lv\/wp-content\/uploads\/2021\/04\/skrejlapa_ENG-845x684.jpg 845w\" sizes=\"auto, (max-width: 495px) 100vw, 495px\" \/><\/div><\/a><\/div><\/div><\/div>\n<style type=\"text\/css\" data-created_by=\"avia_inline_auto\" id=\"style-css-av-av_one_half-2a64de42b738552fe666ca889af77e28\">\n.flex_column.av-av_one_half-2a64de42b738552fe666ca889af77e28{\nborder-radius:0px 0px 0px 0px;\npadding:0px 0px 0px 0px;\n}\n<\/style>\n<div  class='flex_column av-av_one_half-2a64de42b738552fe666ca889af77e28 av_one_half  avia-builder-el-3  el_after_av_one_half  avia-builder-el-last  flex_column_div av-zero-column-padding  '     ><section  class='av_textblock_section av-knqi68co-9aa05fd479d20bfa7ff4d417cd12c3a0 '   itemscope=\"itemscope\" itemtype=\"https:\/\/schema.org\/CreativeWork\" ><div class='avia_textblock'  itemprop=\"text\" ><p><strong>The 1<sup>st<\/sup>\u00a0International \u00a0Composers&#8217; Competition \u00a0<em>WINDSTREAM 2014<\/em>\u00a0\u00a0<\/strong>took place in frames of the Spring Festival <em>WINDSTREAM<\/em> and was\u00a0 organized by the Orchestra RIGA (RIGA Professional Symphonic Band) in collaboration with the <em>Riga 2014 Foundation<\/em> \u2013 the organizer of the European Capital of Culture Year in\u00a0Latvia. The International Composers Competition <em>WINDSTREAM 2014 <\/em>was an integral part of the European Capital of Culture Programme and is realised under the sign of J. S. Bach.<\/p>\n<p><strong>First Prize of the International Composers&#8217; Competition <em>WINDSTREAM<\/em>\u00a02014 was awarded to the composition \u201c<em>Motus contrarius<\/em>\u201d, composer Jukka-Pekka Lehto (Finland); second prize \u2013 \u201c<em>Astrolabio<\/em>\u201d, composer Girolamo Deraco (Italy); third prize \u2013\u00a0<\/strong>\u201c<strong><em>Mir geht ein Licht auf<\/em>\u201d, composer Gundega \u0160mite (Latvija) .<\/strong><\/p>\n<p>The compositions that were selected for the Final Round were performed by the RIGA Professional Symphonic Band under the baton of M\u0101rti\u0146\u0161 Ozoli\u0146\u0161 on April 20 at 7 p.m. at the Great Guild Concert Hall &#8211; at the Awards Ceremony and Laureate Concert.<\/p>\n<p>The jury consisted of composer and conductor Jan Van der Roost (Belgium), composer and conductor Franco Cesarini (Switzerland), composer Toshio Mashima (Japan), conductor M\u0101rti\u0146\u0161 Ozoli\u0146\u0161 and composer Andris Dzen\u012btis (Latvia).<\/p>\n<p>The musicians of the Orchestra RIGA gave their choice award to the composition \u201c<em>Astrolabio<\/em>\u201d, composer Girolamo Deraco.<\/p>\n<\/div><\/section><\/div><\/p>\n","protected":false},"excerpt":{"rendered":"","protected":false},"author":1,"featured_media":0,"parent":906,"menu_order":0,"comment_status":"closed","ping_status":"closed","template":"","meta":{"footnotes":""},"class_list":["post-926","page","type-page","status-publish","hentry"],"yoast_head":"<!-- This site is optimized with the Yoast SEO plugin v27.3 - https:\/\/yoast.com\/product\/yoast-seo-wordpress\/ -->\n<title>WINDSTREAM 2014 - Or\u0137estris R\u012aGA<\/title>\n<meta name=\"robots\" content=\"index, follow, max-snippet:-1, max-image-preview:large, max-video-preview:-1\" \/>\n<link rel=\"canonical\" href=\"https:\/\/orkestris.riga.lv\/en\/festivali\/windstream\/windstream-2014\/\" \/>\n<meta property=\"og:locale\" content=\"en_US\" \/>\n<meta property=\"og:type\" content=\"article\" \/>\n<meta property=\"og:title\" content=\"WINDSTREAM 2014 - Or\u0137estris R\u012aGA\" \/>\n<meta property=\"og:url\" content=\"https:\/\/orkestris.riga.lv\/en\/festivali\/windstream\/windstream-2014\/\" \/>\n<meta property=\"og:site_name\" content=\"Or\u0137estris R\u012aGA\" \/>\n<meta property=\"article:publisher\" content=\"https:\/\/www.facebook.com\/rigaorchestra\" \/>\n<meta property=\"article:modified_time\" content=\"2021-04-20T20:53:57+00:00\" \/>\n<meta name=\"twitter:card\" content=\"summary_large_image\" \/>\n<meta name=\"twitter:label1\" content=\"Est. reading time\" \/>\n\t<meta name=\"twitter:data1\" content=\"2 minutes\" \/>\n<script type=\"application\/ld+json\" class=\"yoast-schema-graph\">{\"@context\":\"https:\\\/\\\/schema.org\",\"@graph\":[{\"@type\":\"WebPage\",\"@id\":\"https:\\\/\\\/orkestris.riga.lv\\\/en\\\/festivali\\\/windstream\\\/windstream-2014\\\/\",\"url\":\"https:\\\/\\\/orkestris.riga.lv\\\/en\\\/festivali\\\/windstream\\\/windstream-2014\\\/\",\"name\":\"WINDSTREAM 2014 - Or\u0137estris R\u012aGA\",\"isPartOf\":{\"@id\":\"https:\\\/\\\/orkestris.riga.lv\\\/en\\\/#website\"},\"datePublished\":\"2015-09-26T06:56:06+00:00\",\"dateModified\":\"2021-04-20T20:53:57+00:00\",\"breadcrumb\":{\"@id\":\"https:\\\/\\\/orkestris.riga.lv\\\/en\\\/festivali\\\/windstream\\\/windstream-2014\\\/#breadcrumb\"},\"inLanguage\":\"en-US\",\"potentialAction\":[{\"@type\":\"ReadAction\",\"target\":[\"https:\\\/\\\/orkestris.riga.lv\\\/en\\\/festivali\\\/windstream\\\/windstream-2014\\\/\"]}]},{\"@type\":\"BreadcrumbList\",\"@id\":\"https:\\\/\\\/orkestris.riga.lv\\\/en\\\/festivali\\\/windstream\\\/windstream-2014\\\/#breadcrumb\",\"itemListElement\":[{\"@type\":\"ListItem\",\"position\":1,\"name\":\"Home\",\"item\":\"https:\\\/\\\/orkestris.riga.lv\\\/en\\\/\"},{\"@type\":\"ListItem\",\"position\":2,\"name\":\"Festivals\",\"item\":\"https:\\\/\\\/orkestris.riga.lv\\\/en\\\/festivali\\\/\"},{\"@type\":\"ListItem\",\"position\":3,\"name\":\"SPRING FESTIVAL WINDSTREAM\",\"item\":\"https:\\\/\\\/orkestris.riga.lv\\\/en\\\/festivali\\\/windstream\\\/\"},{\"@type\":\"ListItem\",\"position\":4,\"name\":\"WINDSTREAM 2014\"}]},{\"@type\":\"WebSite\",\"@id\":\"https:\\\/\\\/orkestris.riga.lv\\\/en\\\/#website\",\"url\":\"https:\\\/\\\/orkestris.riga.lv\\\/en\\\/\",\"name\":\"Or\u0137estris R\u012aGA\",\"description\":\"Orchestra RIGA\",\"publisher\":{\"@id\":\"https:\\\/\\\/orkestris.riga.lv\\\/en\\\/#organization\"},\"potentialAction\":[{\"@type\":\"SearchAction\",\"target\":{\"@type\":\"EntryPoint\",\"urlTemplate\":\"https:\\\/\\\/orkestris.riga.lv\\\/en\\\/?s={search_term_string}\"},\"query-input\":{\"@type\":\"PropertyValueSpecification\",\"valueRequired\":true,\"valueName\":\"search_term_string\"}}],\"inLanguage\":\"en-US\"},{\"@type\":\"Organization\",\"@id\":\"https:\\\/\\\/orkestris.riga.lv\\\/en\\\/#organization\",\"name\":\"Or\u0137estris R\u012aGA\",\"url\":\"https:\\\/\\\/orkestris.riga.lv\\\/en\\\/\",\"logo\":{\"@type\":\"ImageObject\",\"inLanguage\":\"en-US\",\"@id\":\"https:\\\/\\\/orkestris.riga.lv\\\/en\\\/#\\\/schema\\\/logo\\\/image\\\/\",\"url\":\"https:\\\/\\\/orkestris.riga.lv\\\/wp-content\\\/uploads\\\/2025\\\/01\\\/orkestris_riga_logo.png\",\"contentUrl\":\"https:\\\/\\\/orkestris.riga.lv\\\/wp-content\\\/uploads\\\/2025\\\/01\\\/orkestris_riga_logo.png\",\"width\":1200,\"height\":505,\"caption\":\"Or\u0137estris R\u012aGA\"},\"image\":{\"@id\":\"https:\\\/\\\/orkestris.riga.lv\\\/en\\\/#\\\/schema\\\/logo\\\/image\\\/\"},\"sameAs\":[\"https:\\\/\\\/www.facebook.com\\\/rigaorchestra\",\"https:\\\/\\\/www.youtube.com\\\/rigaorchestra\",\"https:\\\/\\\/www.instagram.com\\\/rigaorchestra\"]}]}<\/script>\n<!-- \/ Yoast SEO plugin. -->","yoast_head_json":{"title":"WINDSTREAM 2014 - Or\u0137estris R\u012aGA","robots":{"index":"index","follow":"follow","max-snippet":"max-snippet:-1","max-image-preview":"max-image-preview:large","max-video-preview":"max-video-preview:-1"},"canonical":"https:\/\/orkestris.riga.lv\/en\/festivali\/windstream\/windstream-2014\/","og_locale":"en_US","og_type":"article","og_title":"WINDSTREAM 2014 - Or\u0137estris R\u012aGA","og_url":"https:\/\/orkestris.riga.lv\/en\/festivali\/windstream\/windstream-2014\/","og_site_name":"Or\u0137estris R\u012aGA","article_publisher":"https:\/\/www.facebook.com\/rigaorchestra","article_modified_time":"2021-04-20T20:53:57+00:00","twitter_card":"summary_large_image","twitter_misc":{"Est. reading time":"2 minutes"},"schema":{"@context":"https:\/\/schema.org","@graph":[{"@type":"WebPage","@id":"https:\/\/orkestris.riga.lv\/en\/festivali\/windstream\/windstream-2014\/","url":"https:\/\/orkestris.riga.lv\/en\/festivali\/windstream\/windstream-2014\/","name":"WINDSTREAM 2014 - Or\u0137estris R\u012aGA","isPartOf":{"@id":"https:\/\/orkestris.riga.lv\/en\/#website"},"datePublished":"2015-09-26T06:56:06+00:00","dateModified":"2021-04-20T20:53:57+00:00","breadcrumb":{"@id":"https:\/\/orkestris.riga.lv\/en\/festivali\/windstream\/windstream-2014\/#breadcrumb"},"inLanguage":"en-US","potentialAction":[{"@type":"ReadAction","target":["https:\/\/orkestris.riga.lv\/en\/festivali\/windstream\/windstream-2014\/"]}]},{"@type":"BreadcrumbList","@id":"https:\/\/orkestris.riga.lv\/en\/festivali\/windstream\/windstream-2014\/#breadcrumb","itemListElement":[{"@type":"ListItem","position":1,"name":"Home","item":"https:\/\/orkestris.riga.lv\/en\/"},{"@type":"ListItem","position":2,"name":"Festivals","item":"https:\/\/orkestris.riga.lv\/en\/festivali\/"},{"@type":"ListItem","position":3,"name":"SPRING FESTIVAL WINDSTREAM","item":"https:\/\/orkestris.riga.lv\/en\/festivali\/windstream\/"},{"@type":"ListItem","position":4,"name":"WINDSTREAM 2014"}]},{"@type":"WebSite","@id":"https:\/\/orkestris.riga.lv\/en\/#website","url":"https:\/\/orkestris.riga.lv\/en\/","name":"Or\u0137estris R\u012aGA","description":"Orchestra RIGA","publisher":{"@id":"https:\/\/orkestris.riga.lv\/en\/#organization"},"potentialAction":[{"@type":"SearchAction","target":{"@type":"EntryPoint","urlTemplate":"https:\/\/orkestris.riga.lv\/en\/?s={search_term_string}"},"query-input":{"@type":"PropertyValueSpecification","valueRequired":true,"valueName":"search_term_string"}}],"inLanguage":"en-US"},{"@type":"Organization","@id":"https:\/\/orkestris.riga.lv\/en\/#organization","name":"Or\u0137estris R\u012aGA","url":"https:\/\/orkestris.riga.lv\/en\/","logo":{"@type":"ImageObject","inLanguage":"en-US","@id":"https:\/\/orkestris.riga.lv\/en\/#\/schema\/logo\/image\/","url":"https:\/\/orkestris.riga.lv\/wp-content\/uploads\/2025\/01\/orkestris_riga_logo.png","contentUrl":"https:\/\/orkestris.riga.lv\/wp-content\/uploads\/2025\/01\/orkestris_riga_logo.png","width":1200,"height":505,"caption":"Or\u0137estris R\u012aGA"},"image":{"@id":"https:\/\/orkestris.riga.lv\/en\/#\/schema\/logo\/image\/"},"sameAs":["https:\/\/www.facebook.com\/rigaorchestra","https:\/\/www.youtube.com\/rigaorchestra","https:\/\/www.instagram.com\/rigaorchestra"]}]}},"_links":{"self":[{"href":"https:\/\/orkestris.riga.lv\/en\/wp-json\/wp\/v2\/pages\/926","targetHints":{"allow":["GET"]}}],"collection":[{"href":"https:\/\/orkestris.riga.lv\/en\/wp-json\/wp\/v2\/pages"}],"about":[{"href":"https:\/\/orkestris.riga.lv\/en\/wp-json\/wp\/v2\/types\/page"}],"author":[{"embeddable":true,"href":"https:\/\/orkestris.riga.lv\/en\/wp-json\/wp\/v2\/users\/1"}],"replies":[{"embeddable":true,"href":"https:\/\/orkestris.riga.lv\/en\/wp-json\/wp\/v2\/comments?post=926"}],"version-history":[{"count":3,"href":"https:\/\/orkestris.riga.lv\/en\/wp-json\/wp\/v2\/pages\/926\/revisions"}],"predecessor-version":[{"id":8754,"href":"https:\/\/orkestris.riga.lv\/en\/wp-json\/wp\/v2\/pages\/926\/revisions\/8754"}],"up":[{"embeddable":true,"href":"https:\/\/orkestris.riga.lv\/en\/wp-json\/wp\/v2\/pages\/906"}],"wp:attachment":[{"href":"https:\/\/orkestris.riga.lv\/en\/wp-json\/wp\/v2\/media?parent=926"}],"curies":[{"name":"wp","href":"https:\/\/api.w.org\/{rel}","templated":true}]}}